{"id":98,"date":"2018-01-30T06:35:24","date_gmt":"2018-01-30T06:35:24","guid":{"rendered":"http:\/\/thucpham1.khowebseotop.vn\/?post_type=product&amp;p=98"},"modified":"2018-01-30T06:35:24","modified_gmt":"2018-01-30T06:35:24","slug":"cua-be","status":"publish","type":"product","link":"https:\/\/themes.tamnguyen.vn\/thucpham11\/san-pham\/cua-be\/","title":{"rendered":"Cua b\u1ec3"},"content":{"rendered":"<p>Cua bi\u1ec3n l\u00e0 m\u1ed9t trong nh\u1eefng th\u1ef1c ph\u1ea9m h\u1ea3i s\u1ea3n y\u00eau th\u00edch c\u1ee7a r\u1ea5t nhi\u1ec1u ng\u01b0\u1eddi b\u1edfi \u0111\u01b0\u1ee3c ch\u1ebf bi\u1ebfn ra v\u00f4 v\u00e0n nh\u1eefng m\u00f3n \u0103n \u0111\u1ed9c \u0111\u00e1o, ngon mi\u1ec7ng: cua h\u1ea5p, cua rang, cua n\u01b0\u1edbng, cua n\u1ea5u canh\u2026 Th\u1ebf nh\u01b0ng, b\u1ea1n s\u1ebd th\u00edch \u0103n cua bi\u1ec3n h\u01a1n n\u1ebfu bi\u1ebft \u0111\u01b0\u1ee3c ngo\u00e0i v\u1ecb h\u1ea5p d\u1eabn ngon mi\u1ec7ng, cua bi\u1ec3n c\u00f2n mang nh\u1eefng gi\u00e1 tr\u1ecb dinh d\u01b0\u1ee1ng tuy\u1ec7t v\u1eddi \u0111\u1ea5y.<\/p>\n<p>&nbsp;<\/p>\n<p><strong>Cua bi\u1ec3n t\u1ed1t cho n\u00e3o b\u1ed9<\/strong><br \/>\nNgu\u1ed3n axit b\u00e9o omega-3 t\u1ef1 nhi\u00ean trong cua c\u00f3 th\u1ec3 gi\u00fap c\u1ea3i thi\u1ec7n tr\u00ed nh\u1edb, gi\u1ea3m nguy c\u01a1 ung th\u01b0, gi\u00fap c\u1ea3i thi\u1ec7n ch\u1ee9ng tr\u1ea7m c\u1ea3m v\u00e0 hay lo \u00e2u, th\u00edch h\u1ee3p cho nh\u1eefng ng\u01b0\u1eddi l\u00e0m c\u00f4ng vi\u1ec7c d\u01b0\u1edbi c\u01b0\u1eddng \u0111\u1ed9 \u00e1p l\u1ef1c cao, g\u00e2y c\u0103ng th\u1eb3ng, m\u1ec7t m\u1ecfi.<\/p>\n<p><strong>C\u1ea7n thi\u1ebft cho s\u1ef1 ph\u00e1t tri\u1ec3n c\u1ee7a tr\u1ebb nh\u1ecf<\/strong><br \/>\nTrong th\u1ecbt cua c\u00f3 nhi\u1ec1u lo\u1ea1i vitamin, c\u00e1c kho\u00e1ng ch\u1ea5t nh\u01b0 ch\u1ea5t s\u1eaft, kali, canxi, \u0111\u1ed3ng\u2026 h\u1ed7 tr\u1ee3 cho s\u1ef1 ph\u00e1t tri\u1ec3n v\u00e0 h\u1ec7 th\u1ed1ng mi\u1ec5n d\u1ecbch c\u1ee7a b\u00e9. H\u01a1n n\u1eefa, l\u01b0\u1ee3ng th\u1ee7y ng\u00e2n c\u00f3 trong th\u1ecbt cua \u00edt h\u01a1n c\u00e1c lo\u1ea1i h\u1ea3i s\u1ea3n kh\u00e1c nh\u01b0 m\u1ef1c, c\u00e1 ng\u1eeb\u2026<\/p>\n<p>&nbsp;<\/p>\n<p><strong>T\u0103ng c\u01b0\u1eddng sinh l\u00fd cho nam gi\u1edbi<\/strong><br \/>\nTheo \u0110\u00f4ng y, th\u1ecbt cua bi\u1ec3n c\u00f3 v\u1ecb ng\u1ecdt, m\u1eb7n, t\u00ednh b\u00ecnh, kh\u00f4ng \u0111\u1ed9c, c\u00f3 t\u00e1c d\u1ee5ng thanh nhi\u1ec7t, sinh huy\u1ebft, t\u00e1n \u1ee9, gi\u1ea3m \u0111au, th\u00f4ng kinh l\u1ea1c, b\u1ed5 x\u01b0\u01a1ng t\u1ee7y\u2026 M\u00f3n \u0103n ch\u1ebf bi\u1ebfn t\u1eeb th\u1ecbt cua bi\u1ec3n c\u00f3 t\u00e1c d\u1ee5ng b\u1ed3i b\u1ed5 c\u01a1 th\u1ec3 , c\u1ea3i thi\u1ec7n kh\u1ea3 n\u0103ng ch\u0103n g\u1ed1i, ch\u1ed1ng l\u1ea1i c\u0103n b\u1ec7nh li\u1ec7t d\u01b0\u01a1ng, l\u00e0 b\u00e0i thu\u1ed1c t\u0103ng c\u01b0\u1eddng sinh l\u00fd t\u1ef1 nhi\u00ean, an to\u00e0n cho ph\u00e1i m\u1ea1nh.<\/p>\n<p>&nbsp;<\/p>\n<p><strong>C\u00f3 l\u1ee3i cho m\u1eb9 b\u1ea7u v\u00e0 thai nhi<\/strong><br \/>\nTheo \u00fd ki\u1ebfn c\u1ee7a c\u00e1c chuy\u00ean gia dinh d\u01b0\u1ee1ng, g\u1ea1ch chua, th\u1ecbt cua ch\u1ee9a nhi\u1ec1u protein, ch\u1ea5t s\u1eaft, \u0111\u1eb7c bi\u1ec7t l\u00e0 h\u00e0m l\u01b0\u1ee3ng l\u1edbn axit b\u00e9o omega-3, y\u1ebfu t\u1ed1 quan tr\u1ecdng cho s\u1ef1 ph\u00e1t tri\u1ec3n c\u1ee7a n\u00e3o b\u1ed9 v\u00e0 \u0111\u00f4i m\u1eaft thai nhi. Ch\u00ednh v\u00ec v\u1eady, c\u00e1c ch\u1ecb em \u0111ang mang b\u1ea7u n\u00ean l\u01b0u \u00fd \u0111\u01b0a cua bi\u1ec3n v\u00e0o th\u1ef1c \u0111\u01a1n nh\u00e9!<\/p>\n","protected":false},"excerpt":{"rendered":"<p>Cua bi\u1ec3n l\u00e0 m\u1ed9t trong nh\u1eefng th\u1ef1c ph\u1ea9m h\u1ea3i s\u1ea3n y\u00eau th\u00edch c\u1ee7a r\u1ea5t nhi\u1ec1u ng\u01b0\u1eddi b\u1edfi \u0111\u01b0\u1ee3c ch\u1ebf bi\u1ebfn ra v\u00f4 v\u00e0n nh\u1eefng m\u00f3n \u0103n \u0111\u1ed9c \u0111\u00e1o, ngon mi\u1ec7ng: cua h\u1ea5p, cua rang, cua n\u01b0\u1edbng, cua n\u1ea5u canh\u2026 Th\u1ebf nh\u01b0ng, b\u1ea1n s\u1ebd th\u00edch \u0103n cua bi\u1ec3n h\u01a1n n\u1ebfu bi\u1ebft \u0111\u01b0\u1ee3c ngo\u00e0i v\u1ecb h\u1ea5p d\u1eabn [&#8230;]\n","protected":false},"featured_media":99,"comment_status":"open","ping_status":"closed","template":"","meta":[],"product_cat":[22],"product_tag":[],"class_list":["post-98","product","type-product","status-publish","has-post-thumbnail","hentry","product_cat-thit-hai-san"],"_links":{"self":[{"href":"https:\/\/themes.tamnguyen.vn\/thucpham11\/wp-json\/wp\/v2\/product\/98","targetHints":{"allow":["GET"]}}],"collection":[{"href":"https:\/\/themes.tamnguyen.vn\/thucpham11\/wp-json\/wp\/v2\/product"}],"about":[{"href":"https:\/\/themes.tamnguyen.vn\/thucpham11\/wp-json\/wp\/v2\/types\/product"}],"replies":[{"embeddable":true,"href":"https:\/\/themes.tamnguyen.vn\/thucpham11\/wp-json\/wp\/v2\/comments?post=98"}],"wp:featuredmedia":[{"embeddable":true,"href":"https:\/\/themes.tamnguyen.vn\/thucpham11\/wp-json\/wp\/v2\/media\/99"}],"wp:attachment":[{"href":"https:\/\/themes.tamnguyen.vn\/thucpham11\/wp-json\/wp\/v2\/media?parent=98"}],"wp:term":[{"taxonomy":"product_cat","embeddable":true,"href":"https:\/\/themes.tamnguyen.vn\/thucpham11\/wp-json\/wp\/v2\/product_cat?post=98"},{"taxonomy":"product_tag","embeddable":true,"href":"https:\/\/themes.tamnguyen.vn\/thucpham11\/wp-json\/wp\/v2\/product_tag?post=98"}],"curies":[{"name":"wp","href":"https:\/\/api.w.org\/{rel}","templated":true}]}}