{"id":96,"date":"2018-01-30T06:34:17","date_gmt":"2018-01-30T06:34:17","guid":{"rendered":"http:\/\/thucpham1.khowebseotop.vn\/?post_type=product&amp;p=96"},"modified":"2018-01-30T06:34:17","modified_gmt":"2018-01-30T06:34:17","slug":"chuoi-nam-phi","status":"publish","type":"product","link":"https:\/\/themes.tamnguyen.vn\/thucpham11\/san-pham\/chuoi-nam-phi\/","title":{"rendered":"Chu\u1ed1i Nam Phi"},"content":{"rendered":"<p>Chu\u1ed1i l\u00e0 m\u1ed9t lo\u1ea1i th\u1ef1c ph\u1ea9m, \u0111\u1ed3ng th\u1eddi c\u0169ng l\u00e0 m\u1ed9t d\u01b0\u1ee3c li\u1ec7u thi\u00ean nhi\u00ean \u0111\u1ec3 h\u1ed7 tr\u1ee3 cho nhi\u1ec1u c\u0103n b\u1ec7nh. So v\u1edbi qu\u1ea3 t\u00e1o, chu\u1ed1i c\u00f3 h\u00e0m l\u01b0\u1ee3ng carbohydrate cao g\u1ea5p 2 l\u1ea7n, protein cao g\u1ea5p 4 l\u1ea7n, vitamin A v\u00e0 s\u1eaft cao g\u1ea5p 5 l\u1ea7n, nh\u1eefng lo\u1ea1i vitamin v\u00e0 kho\u00e1ng ch\u1ea5t kh\u00e1c cao g\u1ea5p 2 l\u1ea7n, h\u00e0m l\u01b0\u1ee3ng phosphorus cao g\u1ea5p 3 l\u1ea7n.<\/p>\n<p>Nh\u1edb l\u1ea1i tr\u1eadn b\u00e3o larry \u1edf queensland n\u0103m 2005 \u0111\u00e3 t\u00e0n ph\u00e1 h\u1ea7u nh\u01b0 to\u00e0n b\u1ed9 c\u00e1c v\u01b0\u1eddn chu\u1ed1i tr\u00ean ti\u1ec3u bang n\u00e0y (queensland l\u00e0 \u201cth\u1ee7 \u0111\u00f4\u201d chu\u1ed1i c\u1ee7a \u00dac), khi\u1ebfn gi\u00e1 c\u1ea3 chu\u1ed1i t\u0103ng l\u00ean g\u1ea5p 10 l\u1ea7n. L\u00fac n\u00e0y, c\u00e1c b\u1ec7nh nh\u00e2n cao huy\u1ebft \u00e1\u01a1 \u201cl\u1ee5c \u0111\u1ee5c\u201d r\u1ee7 nhau \u0111\u1ebfn d\u1ecbch v\u1ee5 ch\u0103m s\u00f3c y t\u1ebf \u0111\u1ec3\u2026 \u0111\u00f2i ti\u1ec1n mua chu\u1ed1i, nh\u01b0ng v\u00ec ch\u01b0a c\u00f3 ai lo xa \u0111\u1ebfn t\u00ecnh hu\u1ed1ng n\u00e0y n\u00ean d\u1ecbch v\u1ee5 n\u00e0y c\u0169ng \u0111\u00e0nh \u201cb\u00f3 tay\u201d. K\u1ec3 c\u00e2u chuy\u1ec7n n\u00e0y ra, ch\u1ec9 mu\u1ed1n n\u00f3i l\u00ean t\u1ea7m quan tr\u1ecdng c\u1ee7a lo\u1ea1i tr\u00e1i c\u00e2y d\u00e2n d\u00e3 n\u00e0y.<\/p>\n<p>Chu\u1ed1i l\u00e0 m\u1ed9t lo\u1ea1i th\u1ef1c ph\u1ea9m, \u0111\u1ed3ng th\u1eddi c\u0169ng l\u00e0 m\u1ed9t d\u01b0\u1ee3c li\u1ec7u thi\u00ean nhi\u00ean \u0111\u1ec3 h\u1ed7 tr\u1ee3 cho nhi\u1ec1u c\u0103n b\u1ec7nh. So v\u1edbi qu\u1ea3 t\u00e1o, chu\u1ed1i c\u00f3 h\u00e0m l\u01b0\u1ee3ng carbohydrate cao g\u1ea5p 2 l\u1ea7n, protein cao g\u1ea5p 4 l\u1ea7n, vitamin A v\u00e0 s\u1eaft cao g\u1ea5p 5 l\u1ea7n, nh\u1eefng lo\u1ea1i vitamin v\u00e0 kho\u00e1ng ch\u1ea5t kh\u00e1c cao g\u1ea5p 2 l\u1ea7n, h\u00e0m l\u01b0\u1ee3ng phosphorus cao g\u1ea5p 3 l\u1ea7n.<\/p>\n<p>&nbsp;<\/p>\n<p>Trong chu\u1ed1i, h\u00e0m l\u01b0\u1ee3ng kali (potassium) chi\u1ebfm t\u1ec9 l\u1ec7 r\u1ea5t cao, ch\u1ee9a nhi\u1ec1u lo\u1ea1i \u0111\u01b0\u1eddng thi\u00ean nhi\u00ean nh\u01b0: fructose, sucrose, glucose, cung c\u1ea5p m\u1ed9t n\u0103ng l\u01b0\u1ee3ng d\u1ed3i d\u00e0o cho c\u01a1 th\u1ec3. Hai qu\u1ea3 chu\u1ed1i c\u00f3 th\u1ec3 cung c\u1ea5p n\u0103ng l\u01b0\u1ee3ng cho 90 ph\u00fat luy\u1ec7n t\u1eadp th\u1ec3 thao. Kh\u00f4ng nh\u1eefng th\u1ebf, chu\u1ed1i c\u00f2n gi\u00fap \u0111i\u1ec1u tr\u1ecb m\u1ed9t s\u1ed1 b\u1ec7nh, nh\u1edd \u0111\u00f3, chu\u1ed1i \u0111\u01b0\u1ee3c x\u1ebfp v\u00e0o h\u1ea1ng \u201ctop\u201d trong th\u1ef1c \u0111\u01a1n h\u00e0ng ng\u00e0y.<\/p>\n<p>Chu\u1ed1i l\u00e0 ngu\u1ed3n cung c\u1ea5p fructooligosaccharides, m\u1ed9t ch\u1ea5t quan tr\u1ecdng \u0111\u1ec3 nu\u00f4i d\u01b0\u1ee1ng nh\u1eefng lo\u1ea1i vi khu\u1ea9n c\u00f3 l\u1ee3i trong \u0111\u01b0\u1eddng ru\u1ed9t, gi\u00fap ch\u1ee9c n\u0103ng ru\u1ed9t ho\u1ea1t \u0111\u1ed9ng t\u1ed1t h\u01a1n, nh\u1edd \u0111\u00f3, c\u01a1 th\u1ec3 s\u1ebd h\u1ea5p thu vitamin v\u00e0 c\u00e1c ch\u1ea5t dinh d\u01b0\u1ee1ng m\u1ed9t c\u00e1ch hi\u1ec7u qu\u1ea3 h\u01a1n. S\u1ef1 t\u0103ng h\u1ea5p thu n\u00e0y s\u1ebd \u0111em nhi\u1ec1u canxi h\u01a1n t\u1edbi x\u01b0\u01a1ng ch\u00fang ta, gi\u00fap cho b\u1ed9 x\u01b0\u01a1ng v\u1eefng ch\u1eafc h\u01a1n.<\/p>\n<p>\u0110\u1ed1i v\u1edbi d\u1ea1 d\u00e0y, nh\u1eefng h\u1ee3p ch\u1ea5t c\u00f3 trong qu\u1ea3 chu\u1ed1i s\u1ebd gi\u00fap nu\u00f4i d\u01b0\u1ee1ng t\u1ebf b\u00e0o th\u00e0nh ru\u1ed9t, t\u1ea1o n\u00ean m\u1ed9t h\u00e0ng r\u00e0o d\u1ecbch nh\u1ea7y v\u1eefng m\u1ea1nh c\u00f3 \u0111\u1ee7 s\u1ee9c \u0111\u1ec3 chi\u1ebfn \u0111\u1ea5u ch\u1ed1ng l\u1ea1i nh\u1eefng lo\u1ea1i vi khu\u1ea9n g\u00e2y l\u1edf lo\u00e9t d\u1ea1 d\u00e0y.<\/p>\n<p>Khi ch\u00fang ta b\u1ecb ti\u00eau ch\u1ea3y (\u0111\u1eb7c bi\u1ec7t trong m\u00f9a d\u1ecbch ti\u00eau ch\u1ea3y), chu\u1ed1i c\u00f3 th\u1ec3 cung c\u1ea5p t\u1ee9c th\u1eddi c\u00e1c ch\u1ea5t \u0111i\u1ec7n gi\u1ea3i m\u00e0 c\u01a1 th\u1ec3 b\u1ecb m\u1ea5t, trong \u0111\u00f3, kali l\u00e0 ch\u1ea5t quan tr\u1ecdng nh\u1ea5t. Kali l\u00e0 m\u1ed9t lo\u1ea1i kho\u00e1ng ch\u1ea5t quan tr\u1ecdng gi\u00fap mang oxy t\u1edbi n\u00e3o, \u0111i\u1ec1u h\u00f2a nh\u1ecbp tim v\u00e0 c\u00e2n b\u1eb1ng n\u01b0\u1edbc trong c\u01a1 th\u1ec3.<\/p>\n<p>Nh\u1edd h\u00e0m l\u01b0\u1ee3ng cao kali v\u00e0 h\u00e0m l\u01b0\u1ee3ng th\u1ea5p natri c\u00f3 trong chu\u1ed1i \u0111\u00e3 gi\u00fap chu\u1ed1i v\u01b0\u01a1n l\u00ean h\u00e0ng th\u1ef1c ph\u1ea9m \u201cvua\u201d trong vi\u1ec7c h\u1ea1 huy\u1ebft \u00e1p v\u00e0 gi\u1ea3m nguy c\u01a1 \u0111\u1ed9t qu\u1ecb. Theo t\u1ea1p ch\u00ed The New England Journal of Medicine, \u0103n chu\u1ed1i \u0111\u1ec1u \u0111\u1eb7n c\u00f3 th\u1ec3 l\u00e0m gi\u1ea3m t\u1ea7n su\u1ea5t t\u1eed vong do \u0111\u1ed9t qu\u1ecb t\u1edbi 40%. Hi\u1ec7n t\u1ea1i, FDA \u0111\u00e3 cho ph\u00e9p c\u00e1c c\u00f4ng ty chu\u1ed1i \u0111\u00f3ng \u201cm\u00e1c\u201d gi\u1ea3m huy\u1ebft \u00e1p v\u00e0 ng\u0103n ng\u1eeba \u0111\u1ed9t qu\u1ecb tr\u00ean c\u00e1c bao b\u00ec s\u1ea3n ph\u1ea9m c\u1ee7a h\u1ecd.<\/p>\n<p>Khi b\u1ecb t\u00e1o b\u00f3n, \u0103n chu\u1ed1i s\u1ebd \u0111\u01b0\u1ee3c cung c\u1ea5p ch\u1ea5t x\u01a1, v\u1ed1n l\u00e0m gia t\u0103ng ch\u1ee9c n\u0103ng ru\u1ed9t. Khi m\u1eafc c\u00e1c ch\u1ee9ng b\u1ec7nh v\u1ec1 d\u1ea1 d\u00e0y, chu\u1ed1i c\u0169ng gi\u00fap c\u1ea3i thi\u1ec7n tri\u1ec7u ch\u1ee9ng do ch\u1ee9a nh\u1eefng ch\u1ea5t c\u00f3 t\u00e1c d\u1ee5ng l\u00e0m gi\u1ea3m \u0111\u1ed9 acid (antacid).<\/p>\n<p>Trong chu\u1ed1i c\u0169ng ch\u1ee9a m\u1ed9t h\u00e0m l\u01b0\u1ee3ng cao s\u1eaft, k\u00edch th\u00edch c\u01a1 th\u1ec3 t\u1ea1o ra hemoglobin gi\u00fap ng\u0103n ch\u1eb7n s\u1ef1 thi\u1ebfu m\u00e1u. M\u1ed9t h\u1ee3p ch\u1ea5t kh\u00e1c c\u00f3 trong chu\u1ed1i l\u00e0 tryptophan, ch\u1ea5t n\u00e0y v\u00e0o c\u01a1 th\u1ec3 s\u1ebd \u0111\u01b0\u1ee3c chuy\u1ec3n h\u00f3a th\u00e0nh serotonin. \u0110\u00e2y l\u00e0 m\u1ed9t ch\u1ea5t h\u00f3a h\u1ecdc gi\u00fap \u0111i\u1ec1u h\u00f2a tr\u1ea1ng th\u00e1i c\u01a1 th\u1ec3. C\u00f9ng v\u1edbi serotonin, nh\u1eefng vitamin nh\u00f3m B trong chu\u1ed1i c\u0169ng gi\u00fap \u0111i\u1ec1u h\u00f2a glucose huy\u1ebft (n\u1ed3ng \u0111\u1ed9 glucose huy\u1ebft s\u1ebd \u1ea3nh h\u01b0\u1edfng \u0111\u1ebfn tr\u1ea1ng th\u00e1i tinh th\u1ea7n).<\/p>\n<p>Nh\u1eefng lo\u1ea1i \u0111\u01b0\u1eddng thi\u00ean nhi\u00ean c\u00f3 trong chu\u1ed1i gi\u00fap \u0111i\u1ec1u h\u00f2a n\u1ed3ng \u0111\u1ed9 \u0111\u01b0\u1eddng huy\u1ebft, gi\u00fap c\u1ea3i thi\u1ec7n t\u00ecnh tr\u1ea1ng stress do th\u1ef1c ph\u1ea9m g\u00e2y ra, gi\u00fap c\u1ea3i thi\u1ec7n s\u1ee9c kh\u1ecfe cho thai ph\u1ee5. Chu\u1ed1i th\u01b0\u1eddng \u0111\u01b0\u1ee3c \u201c\u0103n d\u1eb7m\u201d sau nh\u1eefng b\u1eefa \u0103n s\u1ebd c\u00f3 t\u00e1c d\u1ee5ng ki\u1ec3m so\u00e1t n\u1ed3ng \u0111\u1ed9 \u0111\u01b0\u1eddng huy\u1ebft.<\/p>\n","protected":false},"excerpt":{"rendered":"<p>Chu\u1ed1i l\u00e0 m\u1ed9t lo\u1ea1i th\u1ef1c ph\u1ea9m, \u0111\u1ed3ng th\u1eddi c\u0169ng l\u00e0 m\u1ed9t d\u01b0\u1ee3c li\u1ec7u thi\u00ean nhi\u00ean \u0111\u1ec3 h\u1ed7 tr\u1ee3 cho nhi\u1ec1u c\u0103n b\u1ec7nh. So v\u1edbi qu\u1ea3 t\u00e1o, chu\u1ed1i c\u00f3 h\u00e0m l\u01b0\u1ee3ng carbohydrate cao g\u1ea5p 2 l\u1ea7n, protein cao g\u1ea5p 4 l\u1ea7n, vitamin A v\u00e0 s\u1eaft cao g\u1ea5p 5 l\u1ea7n, nh\u1eefng lo\u1ea1i vitamin v\u00e0 kho\u00e1ng ch\u1ea5t kh\u00e1c [&#8230;]\n","protected":false},"featured_media":97,"comment_status":"open","ping_status":"closed","template":"","meta":[],"product_cat":[20],"product_tag":[],"class_list":["post-96","product","type-product","status-publish","has-post-thumbnail","hentry","product_cat-rau-qua-tuoi"],"_links":{"self":[{"href":"https:\/\/themes.tamnguyen.vn\/thucpham11\/wp-json\/wp\/v2\/product\/96","targetHints":{"allow":["GET"]}}],"collection":[{"href":"https:\/\/themes.tamnguyen.vn\/thucpham11\/wp-json\/wp\/v2\/product"}],"about":[{"href":"https:\/\/themes.tamnguyen.vn\/thucpham11\/wp-json\/wp\/v2\/types\/product"}],"replies":[{"embeddable":true,"href":"https:\/\/themes.tamnguyen.vn\/thucpham11\/wp-json\/wp\/v2\/comments?post=96"}],"wp:featuredmedia":[{"embeddable":true,"href":"https:\/\/themes.tamnguyen.vn\/thucpham11\/wp-json\/wp\/v2\/media\/97"}],"wp:attachment":[{"href":"https:\/\/themes.tamnguyen.vn\/thucpham11\/wp-json\/wp\/v2\/media?parent=96"}],"wp:term":[{"taxonomy":"product_cat","embeddable":true,"href":"https:\/\/themes.tamnguyen.vn\/thucpham11\/wp-json\/wp\/v2\/product_cat?post=96"},{"taxonomy":"product_tag","embeddable":true,"href":"https:\/\/themes.tamnguyen.vn\/thucpham11\/wp-json\/wp\/v2\/product_tag?post=96"}],"curies":[{"name":"wp","href":"https:\/\/api.w.org\/{rel}","templated":true}]}}