{"id":94,"date":"2018-01-30T06:33:18","date_gmt":"2018-01-30T06:33:18","guid":{"rendered":"http:\/\/thucpham1.khowebseotop.vn\/?post_type=product&amp;p=94"},"modified":"2018-01-30T06:33:18","modified_gmt":"2018-01-30T06:33:18","slug":"chanh-nam-dinh","status":"publish","type":"product","link":"https:\/\/themes.tamnguyen.vn\/thucpham11\/san-pham\/chanh-nam-dinh\/","title":{"rendered":"Chanh Nam \u0110\u1ecbnh"},"content":{"rendered":"<p>T\u00e1c d\u1ee5ng c\u1ee7a tr\u00e1i chanh \u0111\u1ed1i v\u1edbi s\u1ee9c kh\u1ecfe \u0111\u00e3 \u0111\u01b0\u1ee3c bi\u1ebft \u0111\u1ebfn h\u00e0ng th\u1ebf k\u1ef7 nay, trong \u0111\u00f3 quan tr\u1ecdng nh\u1ea5t l\u00e0 t\u00e1c d\u1ee5ng ch\u1ed1ng khu\u1ea9n, di\u1ec7t vi-r\u00fat, t\u0103ng kh\u1ea3 n\u0103ng mi\u1ec5n d\u1ecbch v\u00e0 t\u00e1c d\u1ee5ng gi\u1ea3m c\u00e2n nh\u1edd kh\u1ea3 n\u0103ng h\u1ed7 tr\u1ee3 ti\u00eau h\u00f3a v\u00e0 gi\u1ea3i \u0111\u1ed9c gan. Chanh c\u00f3 ch\u1ee9a nhi\u1ec1u ch\u1ea5t c\u00f3 l\u1ee3i nh\u01b0 axit xitric, canxi, magi\u00ea, vitamin C, flavonoid sinh h\u1ecdc, pectin, limonin, c\u00e1c ch\u1ea5t h\u1ed7 tr\u1ee3 mi\u1ec5n d\u1ecbch v\u00e0 kh\u00e1ng khu\u1ea9n.<\/p>\n<p align=\"justify\">D\u01b0\u1edbi \u0111\u00e2y l\u00e0 15 trong v\u00f4 s\u1ed1 c\u00e1c t\u00e1c d\u1ee5ng c\u1ee7a qu\u1ea3 chanh m\u00e0 c\u00f3 th\u1ec3 b\u1ea1n ch\u01b0a bi\u1ebft. C\u00f3 nhi\u1ec1u c\u00e1ch s\u1eed d\u1ee5ng tr\u00e1i chanh: pha n\u01b0\u1edbc, tr\u00e0 chanh, sinh t\u1ed1, d\u00f9ng \u0111\u1ec3 \u0111\u1eafp ngo\u00e0i da ho\u1eb7c t\u1eafm; \u0111\u00f3 c\u00f2n l\u00e0 m\u1ed9t lo\u1ea1i d\u01b0\u1ee3c ph\u1ea9m thi\u00ean nhi\u00ean gi\u00fap l\u00e0nh v\u1ebft th\u01b0\u01a1ng.<\/p>\n<p align=\"justify\">Tr\u1ecb m\u1ee5n<\/p>\n<p>Axit chanh c\u00f3 t\u00e1c d\u1ee5ng tr\u1ecb m\u1ee5n; vitamin C trong nh\u1eefng tr\u00e1i c\u00e2y h\u1ecd cam r\u1ea5t c\u1ea7n thi\u1ebft \u0111\u1ec3 c\u00f3 m\u1ed9t l\u00e0n da kh\u1ecfe m\u1ea1nh, \u0111\u1ed3ng th\u1eddi kali c\u00f3 kh\u1ea3 n\u0103ng ti\u00eau di\u1ec7t m\u1ed9t s\u1ed1 lo\u1ea1i vi khu\u1ea9n g\u00e2y m\u1ee5n. B\u00ean c\u1ea1nh vi\u1ec7c u\u1ed1ng n\u01b0\u1edbc chanh v\u00e0o m\u1ed7i bu\u1ed5i s\u00e1ng, b\u1ea1n c\u0169ng c\u00f3 th\u1ec3 l\u00e0m theo v\u00e0i c\u00e1ch sau:<\/p>\n<p>&nbsp;<\/p>\n<p>D\u00f9ng ng\u00f3n tay ho\u1eb7c mi\u1ebfng b\u00f4ng th\u1ea5m n\u01b0\u1edbc chanh t\u01b0\u01a1i ch\u1ea5m l\u00ean ch\u1ed7 m\u1ee5n, \u0111\u1ec3 qua \u0111\u00eam. S\u00e1ng d\u1eady r\u1eeda m\u1eb7t v\u1edbi n\u01b0\u1edbc. C\u00f3 th\u1ec3 l\u00fac \u0111\u1ea7u b\u1ea1n s\u1ebd th\u1ea5y h\u01a1i r\u00e1t nh\u01b0ng ch\u1ec9 m\u1ed9t l\u00fac s\u1ebd h\u1ebft.<\/p>\n<p align=\"justify\">Pha n\u01b0\u1edbc chanh t\u01b0\u01a1i v\u1edbi n\u01b0\u1edbc hoa h\u1ed3ng ho\u1eb7c m\u1eadt ong t\u1ec9 l\u1ec7 1:1. B\u00f4i h\u1ed7n h\u1ee3p l\u00ean v\u00f9ng b\u1ecb m\u1ee5n, \u0111\u1ec3 \u00edt nh\u1ea5t n\u1eeda ti\u1ebfng, sau \u0111\u00f3 r\u1eeda s\u1ea1ch v\u1edbi n\u01b0\u1edbc. M\u1ed7i ng\u00e0y n\u00ean th\u1ef1c hi\u1ec7n hai l\u1ea7n, t\u00e1c d\u1ee5ng t\u1ed1t nh\u1ea5t v\u00e0o bu\u1ed5i s\u00e1ng v\u00e0 t\u1ed1i.<\/p>\n<p>L\u01b0u \u00fd: C\u00e1c ph\u01b0\u01a1ng ph\u00e1p tr\u1ecb m\u1ee5n n\u00e0y c\u00f3 ngu\u1ed3n g\u1ed1c t\u1ef1 nhi\u00ean v\u00e0 kh\u00e1 an to\u00e0n; tuy nhi\u00ean, b\u1ecb n\u1eb7ng ho\u1eb7c m\u1ee5n \u0111\u00e3 b\u1ecb v\u1ee1, h\u00e3y xin \u00fd ki\u1ebfn b\u00e1c s\u1ef9 tr\u01b0\u1edbc khi d\u00f9ng chanh.<\/p>\n<p align=\"justify\">Gi\u1ea3m lo \u00e2u<\/p>\n<p>Nghi\u00ean c\u1ee9u \u0111\u00e3 ch\u1ec9 ra r\u1eb1ng h\u01b0\u01a1ng chanh c\u00f3 t\u00e1c d\u1ee5ng th\u01b0 gi\u00e3n, gi\u1ea3m m\u1ec7t m\u1ecfi, hoa m\u1eaft ch\u00f3ng m\u1eb7t, c\u0103ng th\u1eb3ng, h\u1ed3i h\u1ed9p. Ng\u01b0\u1eddi ta c\u0169ng tin r\u1eb1ng, h\u01b0\u01a1ng tinh d\u1ea7u chanh gi\u00fap t\u1eadp trung t\u1ed1t h\u01a1n, t\u1ec9nh t\u00e1o h\u01a1n. Do \u0111\u00f3, b\u1ea1n c\u00f3 th\u1ec3 d\u00f9ng tinh d\u1ea7u chanh trong v\u0103n ph\u00f2ng \u0111\u1ec3 t\u0103ng hi\u1ec7u qu\u1ea3 l\u00e0m vi\u1ec7c cho nh\u00e2n vi\u00ean. N\u1ebfu th\u1ea5y c\u0103ng th\u1eb3ng, h\u00e3y nh\u1ecf v\u00e0i gi\u1ecdt tin d\u1ea7u chanh l\u00ean m\u1ed9t mi\u1ebfng kh\u0103n \u0111\u1ec3 ng\u1eedi.<\/p>\n<p align=\"justify\">Ng\u1eeba nhi\u1ec7t mi\u1ec7ng<\/p>\n<p>T\u00ednh n\u0103ng ch\u1ed1ng khu\u1ea9n v\u00e0 di\u1ec7t vi-r\u00fat c\u1ee7a chanh s\u1ebd th\u00fac \u0111\u1ea9y qu\u00e1 tr\u00ecnh l\u00e0nh da khi mi\u1ec7ng b\u1ecb vi\u00eam lo\u00e9t. H\u00e3y pha chanh v\u1edbi m\u1ed9t c\u1ed1c n\u01b0\u1edbc \u1ea5m d\u00f9ng \u0111\u1ec3 s\u00fac mi\u1ec7ng; th\u1ef1c hi\u1ec7n m\u1ed7i ng\u00e0y\u00a03 l\u1ea7n. Khi n\u01b0\u1edbc chanh ti\u1ebfp x\u00fac v\u1edbi ch\u1ed7 lo\u00e9t c\u00f3 th\u1ec3 b\u1ea1n s\u1ebd th\u1ea5y \u0111au r\u00e1t, nh\u01b0ng sau v\u00e0i l\u1ea7n s\u1ebd th\u1ea5y \u0111\u1ee1 h\u01a1n.<\/p>\n<p align=\"justify\">H\u1ea1 s\u1ed1t<\/p>\n<p>C\u1ea3m l\u1ea1nh v\u00e0 s\u1ed1t cao c\u00f3 th\u1ec3 do nhi\u1ec1u nguy\u00ean nh\u00e2n nh\u01b0ng trong m\u1ecdi tr\u01b0\u1eddng h\u1ee3p chanh \u0111\u1ec1u ph\u00e1t huy t\u00e1c d\u1ee5ng. D\u01b0\u1edbi \u0111\u00e2y l\u00e0 bi\u1ec7n ph\u00e1p gi\u00fap b\u1ea1n gi\u1ea3m nhi\u1ec7t: H\u00f2a 1 qu\u1ea3 chanh v\u00e0o c\u1ed1c n\u01b0\u1edbc n\u00f3ng v\u1edbi m\u1eadt ong; c\u1ee9 2 ti\u1ebfng u\u1ed1ng m\u1ed9t c\u1ed1c cho \u0111\u1ebfn khi tri\u1ec7u ch\u1ee9ng thuy\u00ean gi\u1ea3m.<\/p>\n<p align=\"justify\">C\u1ea3m c\u00fam khi\u1ebfn b\u1ea1n m\u1ec7t m\u1ecfi?<\/p>\n<p align=\"justify\">N\u01b0\u1edbc chanh kh\u00f4ng ch\u1ec9 cung c\u1ea5p vitamin C cho c\u00e1c t\u1ebf b\u00e0o ch\u1ed1ng khu\u1ea9n m\u00e0 c\u00f2n c\u00f3 th\u1ec3 ti\u00eau di\u1ec7t vi-r\u00fat trong m\u00e0ng d\u1ecbch nh\u1ea7y \u1edf m\u0169i v\u00e0 \u1edf c\u1ed5 h\u1ecdng.<\/p>\n<p>Khi th\u1ea5y xu\u1ea5t hi\u1ec7n tri\u1ec7u ch\u1ee9ng x\u1ed5 m\u0169i, \u0111au h\u1ecdng, \u0111\u00f3 l\u00e0 d\u1ea5u hi\u1ec7u b\u1ea1n b\u1ecb nhi\u1ec5m c\u1ea3m; h\u00e3y c\u1ed1 g\u1eafng t\u0103ng c\u01b0\u1eddng kh\u1ea3 n\u0103ng ph\u00f2ng ng\u1eeba c\u1ee7a c\u01a1 th\u1ec3 c\u00e0ng nhi\u1ec1u c\u00e0ng t\u1ed1t v\u1edbi vitamin C \u0111\u1ec3 di\u1ec7t vi-r\u00fat tr\u01b0\u1edbc khi ch\u00fang l\u00e0m c\u01a1 th\u1ec3 y\u1ebfu \u0111i: U\u1ed1ng n\u01b0\u1edbc chanh t\u01b0\u01a1i pha v\u1edbi n\u01b0\u1edbc \u1ea5m 2 ti\u1ebfng m\u1ed9t l\u1ea7n.<\/p>\n<p>&nbsp;<\/p>\n<p>\u0110\u1ec3 b\u1edbt \u0111au h\u1ecdng, h\u00e3y pha 1 qu\u1ea3 chanh, 1 th\u00eca c\u00e0 ph\u00ea mu\u1ed1i v\u00e0o 1 c\u1ed1c n\u01b0\u1edbc \u1ea5m (250ml), d\u00f9ng \u0111\u1ec3 s\u00fac h\u1ecdng: m\u1ed7i ng\u00e0y 3 l\u1ea7n, m\u1ed7i l\u1ea7n 1 ph\u00fat. N\u1ebfu b\u1ea1n b\u1ecb vi\u00eam amidan, c\u1ee9 2 ti\u1ebfng l\u1ea1i s\u00fac h\u1ecdng v\u1edbi n\u01b0\u1edbc chanh t\u01b0\u01a1i m\u1ed9t l\u1ea7n trong v\u00f2ng 30 gi\u00e2y. H\u01a1i ng\u1eeda \u0111\u1ea7u ra sau \u0111\u1ec3 n\u01b0\u1edbc chanh ch\u1ea3y \u0111\u1ec1u trong h\u1ecdng. Sau \u0111\u00f3 b\u1ea1n c\u00f3 th\u1ec3 nu\u1ed1t lu\u00f4n n\u01b0\u1edbc chanh, t\u1eadn d\u1ee5ng vitamin C t\u0103ng c\u01b0\u1eddng s\u1ee9c \u0111\u1ec1 kh\u00e1ng<\/p>\n<p align=\"justify\">L\u00e0m m\u1ec1m v\u1ebft chai s\u1ea7n<\/p>\n<p>\u0110\u1eafp chanh qua \u0111\u00eam l\u00e0 m\u1ed9t li\u1ec7u ph\u00e1p tuy\u1ec7t v\u1eddi \u0111\u1ec3 x\u00f3a v\u1ebft chai. H\u00e3y c\u1eaft m\u1ed9t mi\u1ebfng chanh d\u1ea7y ch\u1eebng 5mm l\u00ean ch\u1ed7 b\u1ecb chai v\u00e0 c\u1ed1 \u0111\u1ecbnh l\u1ea1i. L\u1ea5y tinh d\u1ea7u chanh ch\u1ea5m ch\u1ea5m v\u00e0o ch\u1ed7 chai c\u0169ng th\u00fac \u0111\u1ea9y qu\u00e1 tr\u00ecnh l\u00e0m m\u1ec1m da. H\u00e3y c\u1ea9n th\u1eadn, ch\u1ec9 d\u00f9ng tinh d\u1ea7u chanh \u1edf ch\u1ed7 b\u1ecb chai s\u1ea7n v\u00ec t\u00e1c d\u1ee5ng c\u1ee7a n\u00f3 kh\u00e1 m\u1ea1nh, kh\u00f4ng th\u00edch h\u1ee3p v\u1edbi da b\u00ecnh th\u01b0\u1eddng.<\/p>\n<p align=\"justify\">Tr\u1ecb Eczema<\/p>\n<p>N\u1ebfu b\u1ecb nhi\u1ec5m tr\u00f9ng da, ch\u1eb3ng h\u1ea1n nh\u01b0 ezema (ch\u00e0m), b\u1ea1n c\u0169ng c\u00f3 th\u1ec3 d\u00f9ng chanh \u0111\u1ec3 c\u1ea3i thi\u1ec7n t\u00ecnh h\u00ecnh. Pha 8 gi\u1ecdt tinh d\u1ea7u chanh v\u1edbi 1 c\u1ed1c (250 ml) n\u01b0\u1edbc \u1ea5m v\u00e0 1 mu\u1ed7ng (15ml) m\u1eadt ong l\u1ecfng. M\u1eadt ong c\u0169ng c\u00f3 t\u00e1c d\u1ee5ng ch\u1ed1ng vi\u00eam v\u00e0 h\u1ed7 tr\u1ee3 t\u0103ng c\u01b0\u1eddng kh\u1ea3 n\u0103ng l\u00e0m l\u00e0nh v\u1ebft th\u01b0\u01a1ng c\u1ee7a chanh.<\/p>\n<p align=\"justify\">Nh\u00fang m\u1ed9t m\u1ea3nh v\u1ea3i lanh v\u00e0o dung d\u1ecbch \u0111\u00e3 pha, v\u1eaft b\u1edbt n\u01b0\u1edbc v\u00e0 nh\u1eb9 nh\u00e0ng \u0111\u1eb7t l\u00ean ch\u1ed7 b\u1ecb vi\u00eam kho\u1ea3ng 15 ph\u00fat, m\u1ed7i ng\u00e0y t\u1eeb 2-3 l\u1ea7n. Bi\u1ec7n ph\u00e1p n\u00e0y kh\u00f4ng ch\u1ec9 ng\u0103n ch\u1eb7n nhi\u1ec5m khu\u1ea9n m\u00e0 c\u00f2n gi\u00fap ng\u01b0\u1eddi b\u1ec7nh kh\u00f4ng bu\u1ed3n g\u00e3i n\u1eefa.<\/p>\n<p align=\"justify\">L\u1ea5y l\u1ea1i s\u1ee9c l\u1ef1c<\/p>\n<p>V\u1edbi nh\u1eefng ng\u01b0\u1eddi ph\u1ea3i \u0111i b\u1ed9 \u0111\u01b0\u1eddng d\u00e0i, ng\u01b0\u1eddi th\u00edch du l\u1ecbch v\u00f2ng quanh th\u1ebf gi\u1edbi hay d\u00e2n th\u00e1m hi\u1ec3m, n\u01b0\u1edbc chanh l\u00e0 m\u1ed9t m\u00f3n qu\u00e0 tuy\u1ec7t v\u1eddi. Khi c\u1ea3m th\u1ea5y m\u1ec7t m\u1ecfi, h\u1ecd c\u00f3 th\u1ec3 c\u1eafm \u1ed1ng h\u00fat v\u00e0o \u0111\u1ea7u qu\u1ea3 chanh v\u00e0 h\u00fat n\u01b0\u1edbc tr\u1ef1c ti\u1ebfp &#8211; m\u1ed9t li\u1ec7u ph\u00e1p t\u00e1c d\u1ee5ng nhanh, \u0111em l\u1ea1i c\u1ea3m gi\u00e1c s\u1ea3ng kho\u00e1i.<\/p>\n","protected":false},"excerpt":{"rendered":"<p>T\u00e1c d\u1ee5ng c\u1ee7a tr\u00e1i chanh \u0111\u1ed1i v\u1edbi s\u1ee9c kh\u1ecfe \u0111\u00e3 \u0111\u01b0\u1ee3c bi\u1ebft \u0111\u1ebfn h\u00e0ng th\u1ebf k\u1ef7 nay, trong \u0111\u00f3 quan tr\u1ecdng nh\u1ea5t l\u00e0 t\u00e1c d\u1ee5ng ch\u1ed1ng khu\u1ea9n, di\u1ec7t vi-r\u00fat, t\u0103ng kh\u1ea3 n\u0103ng mi\u1ec5n d\u1ecbch v\u00e0 t\u00e1c d\u1ee5ng gi\u1ea3m c\u00e2n nh\u1edd kh\u1ea3 n\u0103ng h\u1ed7 tr\u1ee3 ti\u00eau h\u00f3a v\u00e0 gi\u1ea3i \u0111\u1ed9c gan. Chanh c\u00f3 ch\u1ee9a nhi\u1ec1u ch\u1ea5t [&#8230;]\n","protected":false},"featured_media":95,"comment_status":"open","ping_status":"closed","template":"","meta":[],"product_cat":[20],"product_tag":[],"class_list":["post-94","product","type-product","status-publish","has-post-thumbnail","hentry","product_cat-rau-qua-tuoi"],"_links":{"self":[{"href":"https:\/\/themes.tamnguyen.vn\/thucpham11\/wp-json\/wp\/v2\/product\/94","targetHints":{"allow":["GET"]}}],"collection":[{"href":"https:\/\/themes.tamnguyen.vn\/thucpham11\/wp-json\/wp\/v2\/product"}],"about":[{"href":"https:\/\/themes.tamnguyen.vn\/thucpham11\/wp-json\/wp\/v2\/types\/product"}],"replies":[{"embeddable":true,"href":"https:\/\/themes.tamnguyen.vn\/thucpham11\/wp-json\/wp\/v2\/comments?post=94"}],"wp:featuredmedia":[{"embeddable":true,"href":"https:\/\/themes.tamnguyen.vn\/thucpham11\/wp-json\/wp\/v2\/media\/95"}],"wp:attachment":[{"href":"https:\/\/themes.tamnguyen.vn\/thucpham11\/wp-json\/wp\/v2\/media?parent=94"}],"wp:term":[{"taxonomy":"product_cat","embeddable":true,"href":"https:\/\/themes.tamnguyen.vn\/thucpham11\/wp-json\/wp\/v2\/product_cat?post=94"},{"taxonomy":"product_tag","embeddable":true,"href":"https:\/\/themes.tamnguyen.vn\/thucpham11\/wp-json\/wp\/v2\/product_tag?post=94"}],"curies":[{"name":"wp","href":"https:\/\/api.w.org\/{rel}","templated":true}]}}