{"id":92,"date":"2018-01-30T06:32:14","date_gmt":"2018-01-30T06:32:14","guid":{"rendered":"http:\/\/thucpham1.khowebseotop.vn\/?post_type=product&amp;p=92"},"modified":"2018-01-30T06:32:14","modified_gmt":"2018-01-30T06:32:14","slug":"ca-hoi-my","status":"publish","type":"product","link":"https:\/\/themes.tamnguyen.vn\/thucpham11\/san-pham\/ca-hoi-my\/","title":{"rendered":"C\u00e1 H\u1ed3i M\u1ef9"},"content":{"rendered":"<h2 data-field=\"sapo\">\u0102n c\u00e1 h\u1ed3i \u0111\u00fang c\u00e1ch s\u1ebd mang l\u1ea1i nhi\u1ec1u l\u1ee3i \u00edch cho s\u1ee9c kh\u1ecfe. Tuy nhi\u00ean, n\u1ebfu ch\u1ecdn c\u00e1 h\u1ed3i kh\u00f4ng \u0111\u1ea3m b\u1ea3o, \u0103n c\u00e1 sai c\u00e1ch s\u1ebd v\u00f4 t\u00ecnh r\u01b0\u1edbc b\u1ec7nh v\u00e0o th\u00e2n.<\/h2>\n<p>Gi\u00e1 tr\u1ecb dinh d\u01b0\u1ee1ng c\u1ee7a\u00a0<strong>c\u00e1 h\u1ed3i\u00a0<\/strong>\u0111\u00e3 \u0111\u01b0\u1ee3c nhi\u1ec1u ng\u01b0\u1eddi bi\u1ebft \u0111\u1ebfn, tuy nhi\u00ean so v\u1edbi c\u00e1c th\u1ef1c ph\u1ea9m kh\u00e1c, c\u00e1 h\u1ed3i t\u01b0\u01a1ng \u0111\u1ed1i \u0111\u1eaft v\u00e0 kh\u00f4ng \u0111\u01b0\u1ee3c b\u00e1n ph\u1ed5 bi\u1ebfn n\u00ean nhi\u1ec1u b\u00e0 m\u1eb9 v\u1eabn c\u00f2n l\u00fang t\u00fang khi ch\u1ebf bi\u1ebfn m\u00f3n \u0103n.<\/p>\n<p>&nbsp;<\/p>\n<p><em><strong>D\u01b0\u1edbi \u0111\u00e2y l\u00e0 nh\u1eefng l\u01b0u \u00fd c\u1ea7n tr\u00e1nh khi \u0103n c\u00e1 h\u1ed3i:<\/strong><\/em><\/p>\n<p><strong>C\u00e1 b\u1ecb nhi\u1ec5m khu\u1ea9n<\/strong><\/p>\n<p>C\u00e1 h\u1ed3i th\u01b0\u1eddng \u0111\u01b0\u1ee3c s\u1eed d\u1ee5ng \u0111\u1ec3 \u0103n s\u1ed1ng, n\u00ean vi\u1ec7c ch\u1ecdn ngu\u1ed3n th\u1ef1c ph\u1ea9m s\u1ea1ch l\u00e0 h\u1ebft s\u1ee9c quan tr\u1ecdng. V\u1edbi t\u00ecnh tr\u1ea1ng m\u00f4i tr\u1ed3ng th\u1ee7y s\u1ea3n b\u1ecb \u00f4 nhi\u1ec5m nh\u01b0 hi\u1ec7n nay, c\u00e1 h\u1ed3i c\u00f3 th\u1ec3 b\u1ecb nhi\u1ec5m khu\u1ea9n, ng\u01b0\u1eddi \u0103n v\u00e0o d\u1ec5 b\u1ecb r\u1ed1i lo\u1ea1n ti\u00eau h\u00f3a, \u0111au b\u1ee5ng, ti\u00eau ch\u1ea3y. Ngo\u00e0i ra, c\u00e1 h\u1ed3i c\u00f3 th\u1ec3 nhi\u1ec5m ph\u1ea3i m\u1ed9t s\u1ed1 kim lo\u1ea1i \u0111\u1ed9c h\u1ea1i nh\u01b0 ch\u00ec, th\u1ee7y ng\u00e2n, domoic axit,\u2026 l\u00e0 m\u1ed9t trong s\u1ed1 nh\u1eefng nh\u00e2n t\u1ed1 g\u00e2y n\u00ean b\u1ec7nh ung th\u01b0.<\/p>\n<p>V\u00ec v\u1eady, khi mua c\u1ea7n l\u1ef1u ch\u1ecdn ngu\u1ed3n \u0111\u1ea3m b\u1ea3o, ngo\u00e0i ra c\u1ea7n quan s\u00e1t \u0111\u1eb7c \u0111i\u1ec3m b\u00ean ngo\u00e0i c\u00e1 nh\u01b0: m\u1eaft c\u00e1 h\u1ed3i ph\u1ea3i trong, con ng\u01b0\u01a1i ph\u1ea3i \u0111en s\u00e1ng, mang c\u00e1 h\u1ed3i kh\u00f4ng th\u00e2m, th\u1ecbt c\u00e1 h\u1ed3i t\u01b0\u01a1i ph\u1ea3i ch\u1eafc v\u00e0 \u0111\u00e0n h\u1ed3i. N\u00ean ki\u1ec3m tra qua trong b\u1ee5ng c\u00e1 h\u1ed3i \u0111\u1ec3 ch\u1eafc ch\u1eafn r\u1eb1ng kh\u00f4ng c\u00f3 nh\u1eefng v\u1ebft m\u00e1u hay nh\u1eefng v\u00f9ng th\u1eabm m\u00e0u.<\/p>\n<p><strong>Kh\u00f4ng s\u01a1 ch\u1ebf k\u0129<\/strong><\/p>\n<p>Vi\u1ec7c ch\u1ebf bi\u1ebfn c\u00e1 h\u1ed3i \u0111\u00fang c\u00e1ch l\u00e0 r\u1ea5t quan tr\u1ecdng. Ch\u00fa \u00fd, khi l\u1ecdc x\u01b0\u01a1ng n\u00ean \u0111\u01b0\u1ee3c ti\u1ebfn h\u00e0nh c\u1ea9n th\u1eadn, c\u00e1c x\u01b0\u01a1ng l\u1ebb d\u00ednh trong th\u1ecbt c\u00e1, c\u00f3 th\u1ec3 s\u1eed d\u1ee5ng nh\u00edp \u0111\u1ec3 g\u1eafp ra n\u1ebfu d\u00f9ng cho tr\u1ebb.<\/p>\n<p>Ngo\u00e0i ra, \u0111\u1ec3 l\u00e0m gi\u1ea3m m\u00f9i tanh c\u0169ng nh\u01b0 lo\u1ea1i b\u1ecf c\u00e1c ch\u1ea5t b\u1ea9n tr\u00ean m\u00ecnh c\u00e1 c\u1ea7n r\u1eeda qua b\u1eb1ng n\u01b0\u1edbc mu\u1ed1i ho\u1eb7c x\u00e1t mu\u1ed1i h\u1ed9t l\u00ean c\u00e1, sau \u0111\u00f3 ng\u00e2m c\u00e1 \u0111\u00e3 l\u00e0m s\u1ea1ch v\u00e0o n\u01b0\u1edbc l\u1ea1nh c\u00f3 pha \u00edt gi\u1ea5m, ho\u1eb7c tr\u1ed9n v\u00e0o c\u00e1 m\u1ed9t \u00edt h\u1ea1t ti\u00eau hay l\u00e1 nguy\u1ec7t qu\u1ebf.<\/p>\n<p><strong>B\u1ea3o qu\u1ea3n kh\u00f4ng \u0111\u00fang c\u00e1ch<\/strong><\/p>\n<p>C\u1ea7n \u01b0\u1edbp l\u1ea1nh c\u00e1 \u0111\u1ec3 b\u1ea3o qu\u1ea3n, d\u00f9ng trong v\u00f2ng 24 gi\u1edd. Tr\u00e1nh s\u1eed d\u1ee5ng th\u1ecbt c\u00e1 \u0111\u00e3 \u0111\u1ed5i m\u00e0u hay ch\u1ea3y n\u01b0\u1edbc. \u0110\u1ed1i v\u1edbi c\u00e1 \u0111\u00f4ng l\u1ea1nh, khi mu\u1ed1n s\u1eed d\u1ee5ng ph\u1ea3i cho v\u00e0o ng\u0103n m\u00e1t \u0111\u1ec3 r\u00e3 \u0111\u00f4ng t\u1eeb t\u1eeb. N\u1ebfu ngay l\u1eadp t\u1ee9c \u0111\u1ec3 ra m\u00f4i tr\u01b0\u1eddng ngo\u00e0i ho\u1eb7c s\u1eed d\u1ee5ng l\u00f2 vi s\u00f3ng, th\u1ecbt c\u00e1 s\u1ebd b\u1ecb r\u00e3 n\u00e1t.<\/p>\n<p>\u0110\u1ec3 b\u1ea3o qu\u1ea3n l\u00e2u h\u01a1n, ch\u00fang ta n\u00ean \u0111\u1ec3 c\u00e1 \u0111\u00f4ng l\u1ea1nh. C\u00e1 h\u1ed3i \u0111\u00f4ng l\u1ea1nh c\u00f3 th\u1ec3 b\u1ea3o qu\u1ea3n trong v\u00f2ng 3 th\u00e1ng. Tuy nhi\u00ean trong tr\u01b0\u1eddng h\u1ee3p qu\u00e1 tr\u00ecnh \u0111\u00f4ng l\u1ea1nh n\u00e0y b\u1ecb ng\u1eaft qu\u00e3ng th\u00ec to\u00e0n b\u1ed9 vi\u1ec7c b\u1ea3o qu\u1ea3n s\u1ebd kh\u00f4ng c\u00f2n gi\u00e1 tr\u1ecb, ch\u00fang ta b\u1eaft bu\u1ed9c ph\u1ea3i s\u1eed d\u1ee5ng to\u00e0n b\u1ed9 th\u1ecbt c\u00e1 sau l\u1ea7n r\u00e3 \u0111\u00f4ng \u0111\u1ea7u ti\u00ean.<\/p>\n<p><em><strong>Ch\u1ebf bi\u1ebfn c\u00e1 h\u1ed3i \u0111\u00fang c\u00e1ch<\/strong><\/em><\/p>\n<p><strong>\u0110\u1ea7u c\u00e1 h\u1ed3i<\/strong><\/p>\n<p>\u0110\u1ea7u c\u00e1 h\u1ed3i ch\u00ednh l\u00e0 ph\u1ea7n nhi\u1ec1u ch\u1ea5t dinh d\u01b0\u1ee1ng nh\u1ea5t tr\u00ean c\u01a1 th\u1ec3 c\u00e1 h\u1ed3i. \u0110\u1ea7u c\u00e1 h\u1ed3i th\u01b0\u1eddng \u0111\u01b0\u1ee3c s\u1eed d\u1ee5ng nhi\u1ec1u nh\u1ea5t \u0111\u1ec3 n\u1ea5u canh chua v\u1edbi s\u1ea5u ho\u1eb7c kh\u1ebf ho\u1eb7c l\u00e0m l\u1ea9u. \u0110\u1eb7c bi\u1ec7t, \u00f3c c\u1ee7a c\u00e1 h\u1ed3i \u0111\u01b0\u1ee3c cho l\u00e0 b\u1ed9 \u00f3c ngon nh\u1ea5t c\u1ee7a c\u00e1c lo\u00e0i c\u00e1.<\/p>\n<p><strong>Th\u1ecbt c\u00e1 h\u1ed3i<\/strong><\/p>\n<p>Th\u00e2n gi\u1eefa ch\u00ednh l\u00e0 ph\u1ea7n l\u01b0u tr\u1eef m\u1ee1 c\u1ee7a c\u00e1 h\u1ed3i, \u0111\u01b0\u1ee3c r\u1ea5t nhi\u1ec1u th\u1ef1c kh\u00e1ch \u01b0a chu\u1ed9ng v\u00ec nhi\u1ec1u c\u00f4ng d\u1ee5ng kh\u00e1c nhau: \u0103n s\u1ed1ng, r\u00e1n, r\u00e1n ch\u00edn t\u1edbi, nh\u00fang l\u1ea9u, n\u01b0\u1edbng, s\u1ed1t c\u00e0 chua hay l\u00e0m sushi.<\/p>\n<p>Ph\u1ea7n \u0111u\u00f4i c\u00e1 h\u1ed3i ch\u1eafc th\u1ecbt n\u00ean r\u1ea5t ph\u00f9 h\u1ee3p nh\u1ea5t \u0111\u1ec3 n\u1ea5u ch\u00e1o, n\u1ea5u b\u1ed9t v\u00e0 l\u00e0m ru\u1ed1c. Ngo\u00e0i ra, nhi\u1ec1u ng\u01b0\u1eddi c\u0169ng s\u1eed d\u1ee5ng c\u1ea3 ph\u1ea7n \u0111u\u00f4i \u0111\u1ec3 n\u1ea5u canh chua ho\u1eb7c s\u1ed1t c\u00e0 chua. Ph\u1ea7n th\u1ecbt g\u1ea7n \u0111u\u00f4i c\u00e1 c\u0169ng c\u00f3 th\u1ec3 d\u00f9ng l\u00e0m g\u1ecfi c\u00e1, l\u00e0m sushi, \u0111em l\u1ea1i m\u00e0u \u0111\u1ecf \u0111\u1eadm \u0111\u1eb9p m\u1eaft, khi\u1ebfn mi\u1ebfng th\u1ecbt ch\u1eafc h\u01a1n khi \u0103n s\u1ed1ng.<\/p>\n<p><strong>X\u01b0\u01a1ng c\u00e1 h\u1ed3i<\/strong><\/p>\n<p>X\u01b0\u01a1ng c\u00e1 h\u1ed3i c\u00f3 th\u1ec3 \u0111\u01b0\u1ee3c \u0111\u1ec3 nguy\u00ean \u0111\u1ec3 kho, r\u00e1n, s\u1ed1t c\u00e0 chua ho\u1eb7c n\u1ea5u canh chua. Ng\u01b0\u1eddi n\u1ea5u c\u0169ng c\u00f3 th\u1ec3 l\u1ecdc l\u1ea5y ri\u00eang ph\u1ea7n th\u1ecbt \u0111\u1ec3 n\u1ea5u ch\u00e1o, n\u1ea5u b\u1ed9t. T\u1eadn d\u1ee5ng x\u01b0\u01a1ng c\u00e1 h\u1ed3i ch\u00ednh l\u00e0 c\u00e1ch ti\u1ebft ki\u1ec7m nh\u1ea5t \u0111\u1ec3 th\u01b0\u1edfng th\u1ee9c m\u00f3n c\u00e1 h\u1ed3i \u0111\u1eaft gi\u00e1.<\/p>\n","protected":false},"excerpt":{"rendered":"<p>\u0102n c\u00e1 h\u1ed3i \u0111\u00fang c\u00e1ch s\u1ebd mang l\u1ea1i nhi\u1ec1u l\u1ee3i \u00edch cho s\u1ee9c kh\u1ecfe. Tuy nhi\u00ean, n\u1ebfu ch\u1ecdn c\u00e1 h\u1ed3i kh\u00f4ng \u0111\u1ea3m b\u1ea3o, \u0103n c\u00e1 sai c\u00e1ch s\u1ebd v\u00f4 t\u00ecnh r\u01b0\u1edbc b\u1ec7nh v\u00e0o th\u00e2n. Gi\u00e1 tr\u1ecb dinh d\u01b0\u1ee1ng c\u1ee7a\u00a0c\u00e1 h\u1ed3i\u00a0\u0111\u00e3 \u0111\u01b0\u1ee3c nhi\u1ec1u ng\u01b0\u1eddi bi\u1ebft \u0111\u1ebfn, tuy nhi\u00ean so v\u1edbi c\u00e1c th\u1ef1c ph\u1ea9m kh\u00e1c, c\u00e1 h\u1ed3i [&#8230;]\n","protected":false},"featured_media":93,"comment_status":"open","ping_status":"closed","template":"","meta":[],"product_cat":[22],"product_tag":[],"class_list":["post-92","product","type-product","status-publish","has-post-thumbnail","hentry","product_cat-thit-hai-san"],"_links":{"self":[{"href":"https:\/\/themes.tamnguyen.vn\/thucpham11\/wp-json\/wp\/v2\/product\/92","targetHints":{"allow":["GET"]}}],"collection":[{"href":"https:\/\/themes.tamnguyen.vn\/thucpham11\/wp-json\/wp\/v2\/product"}],"about":[{"href":"https:\/\/themes.tamnguyen.vn\/thucpham11\/wp-json\/wp\/v2\/types\/product"}],"replies":[{"embeddable":true,"href":"https:\/\/themes.tamnguyen.vn\/thucpham11\/wp-json\/wp\/v2\/comments?post=92"}],"wp:featuredmedia":[{"embeddable":true,"href":"https:\/\/themes.tamnguyen.vn\/thucpham11\/wp-json\/wp\/v2\/media\/93"}],"wp:attachment":[{"href":"https:\/\/themes.tamnguyen.vn\/thucpham11\/wp-json\/wp\/v2\/media?parent=92"}],"wp:term":[{"taxonomy":"product_cat","embeddable":true,"href":"https:\/\/themes.tamnguyen.vn\/thucpham11\/wp-json\/wp\/v2\/product_cat?post=92"},{"taxonomy":"product_tag","embeddable":true,"href":"https:\/\/themes.tamnguyen.vn\/thucpham11\/wp-json\/wp\/v2\/product_tag?post=92"}],"curies":[{"name":"wp","href":"https:\/\/api.w.org\/{rel}","templated":true}]}}