{"id":90,"date":"2018-01-30T06:31:20","date_gmt":"2018-01-30T06:31:20","guid":{"rendered":"http:\/\/thucpham1.khowebseotop.vn\/?post_type=product&amp;p=90"},"modified":"2018-01-30T06:31:20","modified_gmt":"2018-01-30T06:31:20","slug":"ba-chi-bo","status":"publish","type":"product","link":"https:\/\/themes.tamnguyen.vn\/thucpham11\/san-pham\/ba-chi-bo\/","title":{"rendered":"Ba ch\u1ec9 b\u00f2 M\u1ef9"},"content":{"rendered":"<p>Trong 100g th\u1ecbt b\u00f2 c\u00f3 t\u1edbi 28g protein c\u00f9ng r\u1ea5t nhi\u1ec1u vitaminh B12, B6, kho\u00e1ng ch\u1ea5t cacnitin, kali, k\u1ebdm, magie, s\u1eaft, cung c\u1ea5p 280kcal n\u0103ng l\u01b0\u1ee3ng, g\u1ea5p \u0111\u00f4i so v\u1edbi c\u00e1 v\u00e0 nhi\u1ec1u lo\u1ea1i th\u1ecbt \u0111\u1ed9ng v\u1eadt kh\u00e1c.<\/p>\n<p>L\u00e0 th\u1ef1c ph\u1ea9m kh\u00f4ng th\u1ec3 thi\u1ebfu trong th\u1ef1c \u0111\u01a1n nh\u1eefng ai mu\u1ed1n \u0103n ki\u00eang hay nh\u1eefng ng\u01b0\u1eddi n\u0103ng ch\u01a1i th\u1ec3 thao, th\u1ecbt b\u00f2 gi\u00fap t\u0103ng c\u01b0\u1eddng s\u1ee9c kh\u1ecfe, ng\u0103n ng\u1eeba b\u1ec7nh t\u1eadt v\u00e0 th\u00fac \u0111\u1ea9y qu\u00e1 tr\u00ecnh h\u00ecnh th\u00e0nh c\u00e1c protein m\u1edbi. Ngo\u00e0i ra, n\u00f3 c\u00f2n h\u1ed7 tr\u1ee3 t\u00edch c\u1ef1c cho vi\u1ec7c ph\u1ee5c h\u1ed3i c\u01a1 th\u1ec3 sau nh\u1eefng bu\u1ed5i t\u1eadp luy\u1ec7n m\u1ec7t m\u1ecf.<\/p>\n<p>Trong 100g th\u1ecbt b\u00f2 c\u00f3 t\u1edbi 28g protein c\u00f9ng r\u1ea5t nhi\u1ec1u vitaminh B12, B6, kho\u00e1ng ch\u1ea5t cacni tin , kali, k\u1ebdm, magie, s\u1eaft. \u0110\u1ed3ng th\u1eddi, kh\u1ed1i l\u01b0\u1ee3ng th\u1ecbt \u0111\u00f3 s\u1ebd cung c\u1ea5p 280kcal n\u0103ng l\u01b0\u1ee3ng, g\u1ea5p \u0111\u00f4i so v\u1edbi c\u00e1 v\u00e0 nhi\u1ec1u lo\u1ea1i th\u1ecbt \u0111\u1ed9ng v\u1eadt kh\u00e1c.<\/p>\n<p>\u0110i\u1ec3m \u0111\u1eb7c bi\u1ec7t c\u1ee7a protein trong th\u1ecbt b\u00f2 \u0111\u00f3 l\u00e0 n\u00f3 ch\u1ee9a nhi\u1ec1u acid amin, acid g\u1ed1c nitro, gi\u00fap bi\u1ebfn protein trong th\u1ee9c \u0103n th\u00e0nh \u0111\u01b0\u1eddng h\u1eefu c\u01a1 \u0111\u1ec3 cung c\u1ea5p cho c\u00e1c ho\u1ea1t \u0111\u1ed9ng h\u00e0ng ng\u00e0y. Ngo\u00e0i ra, th\u1ecbt b\u00f2 c\u00f2n ch\u1ee9a acid linoleic v\u00e0 palmiotelic ch\u1ed1ng l\u1ea1i ung th\u01b0 v\u00e0 c\u00e1c m\u1ea7m b\u1ec7nh kh\u00e1c.<\/p>\n<p>C\u00f9ng m\u1ed9t kh\u1ed1i l\u01b0\u1ee3ng th\u1ecbt b\u00f2 nh\u01b0ng m\u1ed7i c\u00e1ch ch\u1ebf bi\u1ebfn mang l\u1ea1i ngu\u1ed3n dinh d\u01b0\u1ee1ng v\u00e0 n\u0103ng l\u01b0\u1ee3ng r\u1ea5t kh\u00e1c nhau. T\u1ed1t nh\u1ea5t l\u00e0 m\u00f3n th\u1ecbt b\u00f2 b\u00edt t\u1ebft. B\u1edfi l\u1ebd, v\u1edbi c\u00e1ch ch\u1ebf bi\u1ebfn n\u00e0y s\u1ebd gi\u00fap cho c\u00e1c kho\u00e1ng ch\u1ea5t trong \u0111\u00f3 \u0111\u1ea1t \u0111\u01b0\u1ee3c hi\u1ec7u qu\u1ea3 t\u1ed1i \u0111a.<\/p>\n<p>&nbsp;<\/p>\n<p><em>Th\u1ecbt b\u00f2 r\u1ea5t gi\u00e0u ch\u1ea5t s\u1eaft c\u00f3 t\u00e1c d\u1ee5ng b\u1ed5 sung l\u01b0\u1ee3ng m\u00e1u cho c\u01a1 th\u1ec3 v\u00e0 ph\u00f2ng tr\u00e1nh c\u01a1 th\u1ec3 b\u1ecb thi\u1ebfu m\u00e1u. \u1ea2nh minh h\u1ecda<\/em><\/p>\n<p>H\u00e0m l\u01b0\u1ee3ng acid b\u00e9o trong th\u1ecbt b\u00f2 th\u1ea5p nh\u01b0ng l\u1ea1i gi\u00e0u axit linoleic t\u1ed5ng h\u1ee3p, c\u00f3 hi\u1ec7u qu\u1ea3 ch\u1ed1ng l\u1ea1i c\u00e1c ch\u1ea5t ch\u1ed1ng oxy h\u00f3a c\u00f3 kh\u1ea3 n\u0103ng ph\u00e1t t\u00e1c khi t\u1eadp c\u00e1c m\u00f4n th\u1ec3 thao nh\u01b0 c\u1eed t\u1ea1 g\u00e2y t\u1ed5n th\u01b0\u01a1ng m\u00f4. Ngo\u00e0i ra, c\u00e1c axit linoleic c\u0169ng c\u00f3 th\u1ec3 tham gia qu\u00e1 tr\u00ecnh duy tr\u00ec c\u01a1 b\u1eafp.<\/p>\n<p>Trong th\u1ecbt b\u00f2 ch\u1ee9a nhi\u1ec1u kho\u00e1ng ch\u1ea5t nh\u01b0 protein, kali, m\u00e0 hai kho\u00e1ng ch\u1ea5t n\u00e0y l\u1ea1i kh\u00f4ng th\u1ec3 thi\u1ebfu trong ch\u1ebf \u0111\u1ed9 dinh d\u01b0\u1ee1ng. M\u1ee9c \u0111\u1ed9 kali th\u1ea5p \u1ee9c ch\u1ebf t\u1ed5ng h\u1ee3p protein c\u0169ng nh\u01b0 s\u1ea3n xu\u1ea5t hormone t\u0103ng tr\u01b0\u1edfng, s\u1ebd \u1ea3nh h\u01b0\u1edfng \u0111\u1ebfn s\u1ef1 ph\u00e1t tri\u1ec3n c\u1ee7a c\u01a1 b\u1eafp.<\/p>\n<p>Magi\u00ea v\u00e0 k\u1ebdm g\u00f3p ph\u1ea7n t\u1ed5ng h\u1ee3p protein v\u00e0 ch\u1ea5t ch\u1ed1ng oxy h\u00f3a \u0111\u1ec3 th\u00fac \u0111\u1ea9y t\u0103ng tr\u01b0\u1edfng c\u01a1 b\u1eafp. Mu\u1ed1i c\u1ee7a axit glutamic v\u00e0 vitamin B6 v\u00e0 k\u1ebdm t\u01b0\u01a1ng t\u00e1c v\u1edbi nhau t\u0103ng c\u01b0\u1eddng h\u1ec7 th\u1ed1ng mi\u1ec5n d\u1ecbch v\u00e0 quan tr\u1ecdng h\u01a1n c\u00f3 th\u1ec3 l\u00e0m t\u0103ng hi\u1ec7u qu\u1ea3 c\u1ee7a s\u1ef1 trao \u0111\u1ed5i ch\u1ea5t insulin.<\/p>\n<p>Th\u1ecbt b\u00f2 ch\u1ee9a nhi\u1ec1u vitamin B12. Vitamin B12 c\u1ea7n thi\u1ebft cho c\u00e1c t\u1ebf b\u00e0o, nh\u1ea5t l\u00e0 c\u00e1c t\u1ebf b\u00e0o m\u00e1u \u0111\u1ecf mang oxy \u0111\u1ebfn c\u00e1c m\u00f4 c\u01a1. Vitamin B12 th\u00fac \u0111\u1ea9y nh\u00e1nh chu\u1ed7i amino acid chuy\u1ec3n h\u00f3a, do \u0111\u00f3 cung c\u1ea5p n\u0103ng l\u01b0\u1ee3ng c\u1ea7n thi\u1ebft cho c\u01a1 th\u1ec3 trong nh\u1eefng ho\u1ea1t \u0111\u1ed9ng c\u01b0\u1eddng \u0111\u1ed9 cao.<\/p>\n","protected":false},"excerpt":{"rendered":"<p>Trong 100g th\u1ecbt b\u00f2 c\u00f3 t\u1edbi 28g protein c\u00f9ng r\u1ea5t nhi\u1ec1u vitaminh B12, B6, kho\u00e1ng ch\u1ea5t cacnitin, kali, k\u1ebdm, magie, s\u1eaft, cung c\u1ea5p 280kcal n\u0103ng l\u01b0\u1ee3ng, g\u1ea5p \u0111\u00f4i so v\u1edbi c\u00e1 v\u00e0 nhi\u1ec1u lo\u1ea1i th\u1ecbt \u0111\u1ed9ng v\u1eadt kh\u00e1c. L\u00e0 th\u1ef1c ph\u1ea9m kh\u00f4ng th\u1ec3 thi\u1ebfu trong th\u1ef1c \u0111\u01a1n nh\u1eefng ai mu\u1ed1n \u0103n ki\u00eang hay nh\u1eefng ng\u01b0\u1eddi [&#8230;]\n","protected":false},"featured_media":91,"comment_status":"open","ping_status":"closed","template":"","meta":[],"product_cat":[22],"product_tag":[],"class_list":["post-90","product","type-product","status-publish","has-post-thumbnail","hentry","product_cat-thit-hai-san"],"_links":{"self":[{"href":"https:\/\/themes.tamnguyen.vn\/thucpham11\/wp-json\/wp\/v2\/product\/90","targetHints":{"allow":["GET"]}}],"collection":[{"href":"https:\/\/themes.tamnguyen.vn\/thucpham11\/wp-json\/wp\/v2\/product"}],"about":[{"href":"https:\/\/themes.tamnguyen.vn\/thucpham11\/wp-json\/wp\/v2\/types\/product"}],"replies":[{"embeddable":true,"href":"https:\/\/themes.tamnguyen.vn\/thucpham11\/wp-json\/wp\/v2\/comments?post=90"}],"wp:featuredmedia":[{"embeddable":true,"href":"https:\/\/themes.tamnguyen.vn\/thucpham11\/wp-json\/wp\/v2\/media\/91"}],"wp:attachment":[{"href":"https:\/\/themes.tamnguyen.vn\/thucpham11\/wp-json\/wp\/v2\/media?parent=90"}],"wp:term":[{"taxonomy":"product_cat","embeddable":true,"href":"https:\/\/themes.tamnguyen.vn\/thucpham11\/wp-json\/wp\/v2\/product_cat?post=90"},{"taxonomy":"product_tag","embeddable":true,"href":"https:\/\/themes.tamnguyen.vn\/thucpham11\/wp-json\/wp\/v2\/product_tag?post=90"}],"curies":[{"name":"wp","href":"https:\/\/api.w.org\/{rel}","templated":true}]}}