{"id":100,"date":"2018-01-30T06:36:55","date_gmt":"2018-01-30T06:36:55","guid":{"rendered":"http:\/\/thucpham1.khowebseotop.vn\/?post_type=product&amp;p=100"},"modified":"2018-01-30T06:36:55","modified_gmt":"2018-01-30T06:36:55","slug":"ca-hoi-uc-phi-le","status":"publish","type":"product","link":"https:\/\/themes.tamnguyen.vn\/thucpham11\/san-pham\/ca-hoi-uc-phi-le\/","title":{"rendered":"C\u00e1 h\u1ed3i \u00dac phi l\u00ea"},"content":{"rendered":"<p>C\u00e1 h\u1ed3i kh\u00f4ng ch\u1ec9 b\u1ed5 sung ax\u00edt b\u00e9o thi\u1ebft y\u1ebfu mang l\u1ea1i s\u1ee9c kh\u1ecfe cho tim, da, t\u00f3c m\u00e0 c\u00f2n t\u1ed1t cho n\u00e3o b\u1ed9.<\/p>\n<p>\u0102n nhi\u1ec1u th\u1ef1c ph\u1ea9m gi\u00e0u ch\u1ea5t b\u00e9o nh\u01b0 m\u1ee1 \u0111\u1ed9ng v\u1eadt kh\u00f4ng c\u00f3 l\u1ee3i cho s\u1ee9c kh\u1ecfe. Trong c\u00e1 h\u1ed3i c\u00f3 ch\u1ee9a r\u1ea5t \u00edt ch\u1ea5t b\u00e9o d\u1ea1ng n\u00e0y, gi\u00e0u ax\u00edt b\u00e9o\u00a0<em>omega-3,<\/em>\u00a0l\u00e0 th\u00e0nh ph\u1ea7n c\u1ea7n thi\u1ebft \u0111\u1ed1i v\u1edbi qu\u00e1 tr\u00ecnh ph\u00e1t tri\u1ec3n n\u00e3o b\u1ed9 \u1edf con ng\u01b0\u1eddi.<\/p>\n<p>B\u00ean c\u1ea1nh nh\u1eefng l\u1ee3i \u00edch to l\u1edbn m\u00e0 c\u00e1c lo\u1ea1i ch\u1ea5t b\u00e9o n\u00e0y mang l\u1ea1i, chuy\u00ean gia cho bi\u1ebft, c\u00e1 h\u1ed3i c\u00f2n ch\u1ee9a nhi\u1ec1u d\u01b0\u1ee1ng ch\u1ea5t thi\u1ebft y\u1ebfu kh\u00e1c c\u00f3 th\u1ec3 gi\u00fap t\u0103ng c\u01b0\u1eddng s\u1ee9c kh\u1ecfe to\u00e0n di\u1ec7n c\u1ee7a c\u01a1 th\u1ec3.<\/p>\n<p><strong>Gi\u00e0u protein v\u00e0 amino acid<\/strong><\/p>\n<p>C\u00e1c lo\u1ea1i th\u1ecbt \u0111\u1ed9ng v\u1eadt nh\u01b0 l\u1ee3n, b\u00f2\u2026 ch\u1ee9a r\u1ea5t nhi\u1ec1u protein, song n\u1ebfu \u0103n nhi\u1ec1u l\u1ea1i kh\u00f4ng t\u1ed1t cho s\u1ee9c kh\u1ecfe, c\u00f3 th\u1ec3 g\u00e2y ra ch\u1ee9ng th\u1eeba \u0111\u1ea1m, b\u00e9o ph\u00ec, ti\u1ec3u \u0111\u01b0\u1eddng&#8230; Trong khi \u0111\u00f3, b\u1ea1n c\u00f3 th\u1ec3 \u0103n c\u00e1 h\u1ed3i tho\u1ea3i m\u00e1i m\u00e0 kh\u00f4ng ph\u1ea3i lo ngh\u0129 g\u00ec.<\/p>\n<p><em>Protein<\/em>\u00a0trong c\u00e1 h\u1ed3i v\u00e0\u00a0<em>amino acid<\/em>\u00a0r\u1ea5t d\u1ec5 h\u1ea5p th\u1ee5, t\u1ed1t cho h\u1ec7 ti\u00eau h\u00f3a v\u00e0 tim m\u1ea1ch. Trong c\u00e1 h\u1ed3i c\u0169ng c\u00f3 ch\u1ee9a r\u1ea5t nhi\u1ec1u vitamin thi\u1ebft y\u1ebfu nh\u01b0 vitamin A, D, ph\u1ed1t pho, magi\u00ea, k\u1ebdm, v\u00e0 i\u1ed1t\u2026 \u0110\u1eb7c bi\u1ec7t canxi trong c\u00e1 h\u1ed3i c\u00f2n g\u00f3p ph\u1ea7n gi\u00fap cho x\u01b0\u01a1ng ch\u1eafc kh\u1ecfe.<\/p>\n<p><strong>Gi\u1ea3m nguy c\u01a1 \u0111\u1ed9t qu\u1ef5, b\u1ec7nh tim<\/strong><\/p>\n<p>Theo k\u1ebft qu\u1ea3 nghi\u00ean c\u1ee9u c\u1ee7a Tr\u01b0\u1eddng Y t\u1ebf c\u1ed9ng \u0111\u1ed3ng thu\u1ed9c \u0110\u1ea1i h\u1ecdc Harvard, M\u1ef9, l\u01b0\u1ee3ng ax\u00edt b\u00e9o<em>omega-3<\/em>\u00a0c\u00f3 trong c\u00e1 s\u1ebd gi\u00fap c\u1ea3i thi\u1ec7n r\u1ea5t hi\u1ec7u qu\u1ea3 \u0111\u1ebfn l\u01b0\u1ee3ng cholesterol trong m\u00e1u c\u0169ng nh\u01b0 huy\u1ebft \u00e1p, vi\u1ec7c \u0103n c\u00e1 \u0111\u1ec1u \u0111\u1eb7n h\u00e0ng tu\u1ea7n s\u1ebd ng\u0103n ch\u1eb7n nguy c\u01a1 m\u1eafc b\u1ec7nh tim, l\u00e0m gi\u1ea3m \u0111\u1ed9t qu\u1ef5.<\/p>\n<p>Ngo\u00e0i ra,\u00a0<em>omega-3<\/em>\u00a0c\u00f2n gi\u00fap gi\u1ea3m n\u1ed3ng \u0111\u1ed9\u00a0<em>triglyceride<\/em>\u00a0trong m\u00e1u v\u00e0 gi\u1ea3m hi\u1ec7n t\u01b0\u1ee3ng m\u00e1u b\u1ecb v\u00f3n c\u1ee5c d\u1eabn t\u1edbi t\u1eafc ngh\u1ebdn m\u1ea1ch m\u00e1u. C\u00e1c nh\u00e0 khoa h\u1ecdc cho bi\u1ebft, nh\u1eefng ng\u01b0\u1eddi theo ch\u1ebf \u0111\u1ed9 \u0103n u\u1ed1ng c\u00f3 nhi\u1ec1u kh\u1ea9u ph\u1ea7n c\u00e1 h\u1ed3i m\u1ed7i tu\u1ea7n s\u1ebd gi\u1ea3m \u0111\u01b0\u1ee3c kho\u1ea3ng 12% nguy c\u01a1 c\u1ee7a b\u1ec7nh so v\u1edbi nh\u1eefng ng\u01b0\u1eddi kh\u00f4ng \u0103n ho\u1eb7c \u0103n \u00edt.<\/p>\n<p><strong>Ch\u0103m s\u00f3c da v\u00e0 t\u00f3c<\/strong><\/p>\n<p>M\u1ed9t l\u1ee3i \u00edch quan tr\u1ecdng c\u1ee7a c\u00e1 h\u1ed3i \u0111\u1ed1i v\u1edbi s\u1ee9c kh\u1ecfe n\u1eefa l\u00e0 c\u1ea3i thi\u1ec7n k\u1ebft c\u1ea5u l\u00e0n da v\u00e0 t\u00f3c gi\u00fap t\u00f3c b\u00f3ng m\u01b0\u1ee3t h\u01a1n v\u00e0 da m\u1ecbn m\u00e0ng h\u01a1n. Trong c\u00e1 h\u1ed3i gi\u00e0u protein, vitamin D v\u00e0 c\u00e1c a-x\u00edt b\u00e9o omega-3. Kho\u1ea3ng 3% c\u1ea5u t\u1ea1o c\u1ee7a s\u1ee3i t\u00f3c l\u00e0 c\u00e1c ax\u00edt b\u00e9o.<\/p>\n<p>Omega-3 c\u0169ng \u0111\u01b0\u1ee3c t\u00ecm th\u1ea5y trong m\u00e0ng t\u1ebf b\u00e0o c\u1ee7a da \u0111\u1ea7u. Axit b\u00e9o omega-3 c\u00f3 t\u00e1c d\u1ee5ng b\u1ea3o v\u1ec7 c\u00e1c t\u1ebf b\u00e0o v\u00e0 gi\u1eef \u1ea9m cho da. N\u00f3 c\u0169ng khuy\u1ebfn kh\u00edch s\u1ea3n xu\u1ea5t collagen v\u00e0 s\u1ee3i elastin, gi\u00fap da kh\u1ecfe m\u1ea1nh. Ngo\u00e0i ra, c\u00e1c axit b\u00e9o trong c\u00e1 h\u1ed3i c\u0169ng cung c\u1ea5p dinh d\u01b0\u1ee1ng cho nang l\u00f4ng v\u00e0 gi\u00fap duy tr\u00ec m\u00e1i t\u00f3c kh\u1ecfe m\u1ea1nh. \u0110\u00e2y ch\u00ednh l\u00e0 lo\u1ea1i d\u1ea7u t\u1ef1 nhi\u00ean duy tr\u00ec \u0111\u1ed9 \u1ea9m cho da \u0111\u1ea7u v\u00e0 t\u00f3c. V\u00ec v\u1eady m\u00e0 c\u00e1 h\u1ed3i gi\u00fap ch\u1ed1ng l\u1ea1i hi\u1ec7n t\u01b0\u1ee3ng da b\u1ecb ch\u00e1y n\u1eafng c\u0169ng nh\u01b0 b\u1ec7nh ung th\u01b0 da.<\/p>\n<p><strong>Ph\u00e1t tri\u1ec3n c\u01a1 b\u1eafp<\/strong><\/p>\n<p>C\u00e1 h\u1ed3i c\u00f3 h\u00e0m l\u01b0\u1ee3ng protein v\u00e0 axit b\u00e9o omega-3 cao. Axit b\u00e9o omega-3 c\u00f3 t\u00e1c d\u1ee5ng l\u00e0m gi\u1ea3m nguy c\u01a1 ph\u00e2n h\u1ee7y protein cho c\u01a1 b\u1eafp sau khi luy\u1ec7n t\u1eadp v\u00e0 gi\u00fap c\u1ea3i thi\u1ec7n ph\u1ee5c h\u1ed3i c\u00e1c c\u01a1. \u0110i\u1ec1u n\u00e0y l\u00e0 v\u00f4 c\u00f9ng quan tr\u1ecdng v\u00ec \u0111\u1ec3 t\u1ea1o c\u01a1 b\u1eafp, c\u01a1 th\u1ec3 c\u1ea7n l\u01b0u tr\u1eef l\u01b0\u1ee3ng protein m\u1edbi nhanh h\u01a1n so v\u1edbi l\u01b0\u1ee3ng protein c\u0169 b\u1ecb m\u1ea5t \u0111i.<\/p>\n<p>V\u00ec th\u1ebf, d\u00f9 b\u1ea1n c\u00f3 luy\u1ec7n t\u1eadp ch\u0103m ch\u1ec9 nh\u01b0ng kh\u00f4ng b\u1ed5 sung th\u1ef1c ph\u1ea9m h\u1ee3p l\u00fd th\u00ec t\u00e1c d\u1ee5ng c\u1ee7a vi\u1ec7c luy\u1ec7n t\u1eadp s\u1ebd kh\u00f4ng \u0111\u01b0\u1ee3c ph\u00e1t huy. Th\u01b0\u1eddng xuy\u00ean \u0103n c\u00e1 h\u1ed3i gi\u00fap c\u01a1 b\u1eafp s\u0103n ch\u1eafc v\u00e0 th\u00fac \u0111\u1ea9y s\u1ef1 trao \u0111\u1ed5i ch\u1ea5t.<\/p>\n<p><strong>T\u1ed1t cho n\u00e3o b\u1ed9<\/strong><\/p>\n<p>\u0110\u1ed1i v\u1edbi con ng\u01b0\u1eddi, DHA c\u00f3 trong axit b\u00e9o kh\u00f4ng no c\u1ee7a c\u00e1 h\u1ed3i v\u00e0 c\u00f3 vai tr\u00f2 quan tr\u1ecdng trong qu\u00e1 tr\u00ecnh sinh tr\u01b0\u1edfng c\u1ee7a t\u1ebf b\u00e0o n\u00e3o v\u00e0 h\u1ec7 th\u1ea7n kinh. Thi\u1ebfu ch\u1ea5t n\u00e0y con ng\u01b0\u1eddi s\u1ebd gi\u1ea3m tr\u00ed nh\u1edb, k\u00e9m th\u00f4ng minh. \u0110\u1eb7c bi\u1ec7t \u0111\u1ed1i v\u1edbi tr\u1ebb nh\u1ecf, DHA l\u00e0 m\u1ed9t d\u01b0\u1ee1ng ch\u1ea5t v\u00f4 c\u00f9ng quan tr\u1ecdng v\u00e0 c\u1ea7n thi\u1ebft \u0111\u1ec3 ph\u00e1t tri\u1ec3n t\u1ebf b\u00e0o n\u00e3o.<\/p>\n<p>B\u00ean c\u1ea1nh \u0111\u00f3, nhi\u1ec1u nghi\u00ean c\u1ee9u \u0111\u00e3 ch\u1ec9 ra r\u1eb1ng c\u00e1 h\u1ed3i h\u1ed7 tr\u1ee3 r\u1ea5t l\u1edbn trong qu\u00e1 tr\u00ecnh ph\u00e1t tri\u1ec3n n\u00e3o b\u1ed9 c\u1ee7a thai nhi. V\u00ec v\u1eady, \u0111\u1ed1i v\u1edbi ph\u1ee5 n\u1eef mang thai, vi\u1ec7c t\u0103ng l\u01b0\u1ee3ng c\u00e1 h\u1ed3i trong ch\u1ebf \u0111\u1ed9 \u0103n l\u00e0 v\u00f4 c\u00f9ng c\u1ea7n thi\u1ebft.<\/p>\n<p><strong>T\u0103ng c\u01b0\u1eddng s\u1ee9c kh\u1ecfe cho \u0111\u00f4i m\u1eaft<\/strong><\/p>\n<p>C\u00e1 h\u1ed3i l\u00e0 lo\u1ea1i th\u1ef1c ph\u1ea9m r\u1ea5t hi\u1ec7u qu\u1ea3 trong vi\u1ec7c duy tr\u00ec ch\u1ee9c n\u0103ng th\u1ecb gi\u00e1c. H\u00e0m l\u01b0\u1ee3ng omega-3 v\u00e0 axit amin c\u00f3 trong c\u00e1 h\u1ed3i gi\u00fap c\u1ea3i thi\u1ec7n s\u1ee9c kh\u1ecfe c\u1ee7a \u0111\u00f4i m\u1eaft v\u00e0 ng\u0103n ng\u1eeba b\u1ec7nh tho\u00e1i h\u00f3a \u0111i\u1ec3m v\u00e0ng (AMD), m\u1eaft b\u1ecb kh\u00f4 v\u00e0 m\u1ec7t m\u1ecfi.<\/p>\n<p>AMD l\u00e0 nguy\u00ean nh\u00e2n ph\u1ed5 bi\u1ebfn c\u1ee7a vi\u1ec7c m\u1ea5t th\u1ecb l\u1ef1c \u1edf ng\u01b0\u1eddi tr\u00ean 50 tu\u1ed5i v\u00e0 nghi\u00ean c\u1ee9u cho bi\u1ebft vi\u1ec7c t\u00edch c\u1ef1c \u0103n c\u00e1 h\u1ed3i gi\u00fap ng\u0103n ng\u1eeba b\u1ec7nh tho\u00e1i h\u00f3a \u0111i\u1ec3m v\u00e0ng. Nh\u1eefng axit b\u00e9o omega -3 tuy\u1ec7t v\u1eddi trong cu\u1ed9c chi\u1ebfn ch\u1ed1ng l\u1ea1i AMD c\u00f3 th\u1ec3 d\u1eabn \u0111\u1ebfn m\u00f9 l\u00f2a. C\u00e1 h\u1ed3i c\u0169ng l\u00e0 m\u1ed9t ngu\u1ed3n t\u1ef1 nhi\u00ean c\u1ee7a vitamin D c\u00f3 l\u1ee3i cho s\u1ee9c kh\u1ecfe c\u1ee7a m\u1eaft.<\/p>\n","protected":false},"excerpt":{"rendered":"<p>C\u00e1 h\u1ed3i kh\u00f4ng ch\u1ec9 b\u1ed5 sung ax\u00edt b\u00e9o thi\u1ebft y\u1ebfu mang l\u1ea1i s\u1ee9c kh\u1ecfe cho tim, da, t\u00f3c m\u00e0 c\u00f2n t\u1ed1t cho n\u00e3o b\u1ed9. \u0102n nhi\u1ec1u th\u1ef1c ph\u1ea9m gi\u00e0u ch\u1ea5t b\u00e9o nh\u01b0 m\u1ee1 \u0111\u1ed9ng v\u1eadt kh\u00f4ng c\u00f3 l\u1ee3i cho s\u1ee9c kh\u1ecfe. Trong c\u00e1 h\u1ed3i c\u00f3 ch\u1ee9a r\u1ea5t \u00edt ch\u1ea5t b\u00e9o d\u1ea1ng n\u00e0y, gi\u00e0u ax\u00edt b\u00e9o\u00a0omega-3,\u00a0l\u00e0 [&#8230;]\n","protected":false},"featured_media":101,"comment_status":"open","ping_status":"closed","template":"","meta":[],"product_cat":[20],"product_tag":[],"class_list":["post-100","product","type-product","status-publish","has-post-thumbnail","hentry","product_cat-rau-qua-tuoi"],"_links":{"self":[{"href":"https:\/\/themes.tamnguyen.vn\/thucpham11\/wp-json\/wp\/v2\/product\/100","targetHints":{"allow":["GET"]}}],"collection":[{"href":"https:\/\/themes.tamnguyen.vn\/thucpham11\/wp-json\/wp\/v2\/product"}],"about":[{"href":"https:\/\/themes.tamnguyen.vn\/thucpham11\/wp-json\/wp\/v2\/types\/product"}],"replies":[{"embeddable":true,"href":"https:\/\/themes.tamnguyen.vn\/thucpham11\/wp-json\/wp\/v2\/comments?post=100"}],"wp:featuredmedia":[{"embeddable":true,"href":"https:\/\/themes.tamnguyen.vn\/thucpham11\/wp-json\/wp\/v2\/media\/101"}],"wp:attachment":[{"href":"https:\/\/themes.tamnguyen.vn\/thucpham11\/wp-json\/wp\/v2\/media?parent=100"}],"wp:term":[{"taxonomy":"product_cat","embeddable":true,"href":"https:\/\/themes.tamnguyen.vn\/thucpham11\/wp-json\/wp\/v2\/product_cat?post=100"},{"taxonomy":"product_tag","embeddable":true,"href":"https:\/\/themes.tamnguyen.vn\/thucpham11\/wp-json\/wp\/v2\/product_tag?post=100"}],"curies":[{"name":"wp","href":"https:\/\/api.w.org\/{rel}","templated":true}]}}