{"id":279,"date":"2019-12-07T01:39:41","date_gmt":"2019-12-06T18:39:41","guid":{"rendered":"http:\/\/thietkeweb.ninhbinhweb.biz\/?post_type=product&#038;p=279"},"modified":"2020-04-08T01:51:57","modified_gmt":"2020-04-07T18:51:57","slug":"mau-web-ban-nong-san","status":"publish","type":"product","link":"https:\/\/themes.tamnguyen.vn\/thietkeweb\/giao-dien\/mau-web-ban-nong-san\/","title":{"rendered":"M\u1eabu web b\u00e1n n\u00f4ng s\u1ea3n"},"content":{"rendered":"<p>B\u1ea1n mu\u1ed1n s\u1ea3n ph\u1ea9m c\u1ee7a b\u1ea1n \u0111\u01b0\u1ee3c Gi\u1edbi thi\u1ec7u v\u00e0 lan t\u1ecfa r\u1ed9ng r\u00e3i? B\u1ea1n mu\u1ed1n c\u00f3 m\u1ed9t Website ph\u1ee5c v\u1ee5 cho vi\u1ec7c qu\u1ea3ng b\u00e1 s\u1ea3n ph\u1ea9m c\u1ee7a b\u1ea1n? B\u1ea1n \u0111ang hoang mang v\u1ec1 th\u1ecb tr\u01b0\u1eddng website tr\u00e0n lan???<\/p>\n<p>H\u00e3y \u0111\u1ebfn v\u1edbi Ninh B\u00ecnh Web c\u1ee7a ch\u00fang t\u00f4i v\u1edbi nh\u1eefng\u00a0<strong>m\u1eabu Website Gi\u1edbi thi\u1ec7u s\u1ea3n ph\u1ea9m\u00a0<\/strong>\u0111\u1eb9p nh\u1ea5t, hi\u1ec7n \u0111\u1ea1i nh\u1ea5t gi\u00fap b\u1ea1n \u0111\u1ec5 d\u00e0ng trong vi\u1ec7c qu\u1ea3ng b\u00e1 v\u00e0 gi\u1edbi thi\u1ec7u s\u1ea3n ph\u1ea9m c\u1ee7a m\u00ecnh nhanh nh\u1ea5t c\u00f3 th\u1ec3.<\/p>\n<p>Ngo\u00e0i vi\u1ec7c cung c\u1ea5p c\u00e1c m\u1eabu giao di\u1ec7n website b\u00e1n h\u00e0ng c\u00f3 s\u1eb5n ch\u1ee7 y\u1ebfu cho anh em Coder v\u00e0 Marketer th\u00ec m\u00ecnh c\u00f3 nh\u1eadn d\u1ecbch v\u1ee5\u00a0<strong>Thi\u1ebft k\u1ebf website b\u00e1n h\u00e0ng tr\u1ecdn g\u00f3i<\/strong>\u00a0cho kh\u00e1ch h\u00e0ng l\u1ebb l\u00e0 c\u00e1c c\u00e1 nh\u00e2n v\u00e0 \u0111\u01a1n v\u1ecb kinh doanh.<\/p>\n<p>Gi\u00e1 thi\u1ebft k\u1ebf website s\u1ebd \u0111\u01b0\u1ee3c trao \u0111\u1ed5i tr\u1ef1c ti\u1ebfp v\u1edbi qu\u00fd kh\u00e1ch sau khi ch\u1ed1t \u0111\u01b0\u1ee3c y\u00eau c\u1ea7u t\u00ednh n\u0103ng v\u00e0 giao di\u1ec7n c\u1ee7a website.<\/p>\n<p><strong>Quy tr\u00ecnh thi\u1ebft k\u1ebf website gi\u1edbi thi\u1ec7u s\u1ea3n ph\u1ea9m t\u1ea1i Ninh B\u00ecnh Web nh\u01b0 sau:<\/strong><\/p>\n<p><strong>B\u01b0\u1edbc 1:<\/strong>\u00a0T\u01b0 v\u1ea5n v\u1edbi kh\u00e1ch h\u00e0ng v\u1ec1 t\u00ednh n\u0103ng + giao di\u1ec7n, ch\u1ed1t gi\u00e1.<br \/>\n<strong>B\u01b0\u1edbc 2:<\/strong>\u00a0Mua t\u00ean mi\u1ec1n cho kh\u00e1ch (kh\u00e1ch c\u00f3 th\u1ec3 t\u1ef1 mua).<br \/>\n<strong>B\u01b0\u1edbc 3:<\/strong>\u00a0Tri\u1ec3n khai t\u1ea1o g\u00f3i Hosting cho kh\u00e1ch (kh\u00e1ch c\u00f3 th\u1ec3 t\u1ef1 mua)<br \/>\n<strong>B\u01b0\u1edbc 4:<\/strong>\u00a0Th\u1ef1c hi\u1ec7n x\u00e2y d\u1ef1ng website tr\u00ean hosting demo (ch\u1eb7n index)<br \/>\n<strong>B\u01b0\u1edbc 5:<\/strong>\u00a0G\u1eedi link demo website cho kh\u00e1ch duy\u1ec7t v\u00e0 trao \u0111\u1ed5i ch\u1ec9nh s\u1eeda theo \u00fd kh\u00e1ch.<br \/>\n<strong>B\u01b0\u1edbc 6:<\/strong>\u00a0H\u01b0\u1edbng d\u1eabn kh\u00e1ch s\u1eed d\u1ee5ng, qu\u1ea3n tr\u1ecb, \u0111\u0103ng b\u00e0i vi\u1ebft, \u0111\u0103ng s\u1ea3n ph\u1ea9m v\u00e0 c\u00e1c th\u00f4ng tin kh\u00e1c c\u00f3 li\u00ean quan\u2026<br \/>\n<strong>B\u01b0\u1edbc 7:<\/strong>\u00a0M\u1edf index<br \/>\n<strong>B\u01b0\u1edbc 8:<\/strong>\u00a0B\u00e0n giao website cho kh\u00e1ch<\/p>\n<p>V\u1eady, n\u1ebfu b\u1ea1n c\u1ea7n mua m\u1ed9t giao di\u1ec7n website b\u00e1n h\u00e0ng \u0111\u01b0\u1ee3c d\u1ef1ng s\u1eb5n ho\u1eb7c d\u1ecbch v\u1ee5 thi\u1ebft k\u1ebf website tr\u1ecdn g\u00f3i, vui l\u00f2ng cho ch\u00fang t\u00f4i m\u1ed9t c\u01a1 h\u1ed9i \u0111\u01b0\u1ee3c ph\u1ee5c v\u1ee5. Xin c\u00e1m \u01a1n!<\/p>\n<p><strong>Th\u00f4ng tin li\u00ean h\u1ec7:<\/strong><\/p>\n<p><strong>Li\u00ean h\u1ec7:<\/strong>\u00a0<a href=\"https:\/\/www.facebook.com\/joseph.thien.75\">L\u00ea V\u0103n Thi\u1ec7n<\/a><br \/>\n<strong>Phone:<\/strong>\u00a0<a href=\"tel:0972939830\">0972.939.830<\/a><br \/>\n<strong>Email:<\/strong>\u00a0<a href=\"mailto:info.giuseart.com@gmail.com\">info.giuseart.com@gmail.com<\/a><br \/>\n<strong>Website:<\/strong>\u00a0<a href=\"http:\/\/ninhbinhweb.info\/\">www.ninhbinhweb.info<\/a><\/p>\n","protected":false},"excerpt":{"rendered":"<p>B\u1ea1n mu\u1ed1n s\u1ea3n ph\u1ea9m c\u1ee7a b\u1ea1n \u0111\u01b0\u1ee3c Gi\u1edbi thi\u1ec7u v\u00e0 lan t\u1ecfa r\u1ed9ng r\u00e3i? B\u1ea1n mu\u1ed1n c\u00f3 m\u1ed9t Website ph\u1ee5c v\u1ee5 cho vi\u1ec7c qu\u1ea3ng b\u00e1 s\u1ea3n ph\u1ea9m c\u1ee7a b\u1ea1n? B\u1ea1n \u0111ang hoang mang v\u1ec1 th\u1ecb tr\u01b0\u1eddng website tr\u00e0n lan??? H\u00e3y \u0111\u1ebfn v\u1edbi Ninh B\u00ecnh Web c\u1ee7a ch\u00fang t\u00f4i v\u1edbi nh\u1eefng\u00a0m\u1eabu Website Gi\u1edbi thi\u1ec7u s\u1ea3n ph\u1ea9m\u00a0\u0111\u1eb9p &#8230;<\/p>\n","protected":false},"featured_media":280,"comment_status":"open","ping_status":"closed","template":"","meta":{"_acf_changed":false},"product_brand":[],"product_cat":[15,17],"product_tag":[],"yst_prominent_words":[],"class_list":{"0":"post-279","1":"product","2":"type-product","3":"status-publish","4":"has-post-thumbnail","6":"product_cat-kho-giao-dien","7":"product_cat-web-ban-hang","9":"first","10":"instock","11":"shipping-taxable","12":"product-type-simple"},"acf":[],"_links":{"self":[{"href":"https:\/\/themes.tamnguyen.vn\/thietkeweb\/wp-json\/wp\/v2\/product\/279","targetHints":{"allow":["GET"]}}],"collection":[{"href":"https:\/\/themes.tamnguyen.vn\/thietkeweb\/wp-json\/wp\/v2\/product"}],"about":[{"href":"https:\/\/themes.tamnguyen.vn\/thietkeweb\/wp-json\/wp\/v2\/types\/product"}],"replies":[{"embeddable":true,"href":"https:\/\/themes.tamnguyen.vn\/thietkeweb\/wp-json\/wp\/v2\/comments?post=279"}],"wp:featuredmedia":[{"embeddable":true,"href":"https:\/\/themes.tamnguyen.vn\/thietkeweb\/wp-json\/wp\/v2\/media\/280"}],"wp:attachment":[{"href":"https:\/\/themes.tamnguyen.vn\/thietkeweb\/wp-json\/wp\/v2\/media?parent=279"}],"wp:term":[{"taxonomy":"product_brand","embeddable":true,"href":"https:\/\/themes.tamnguyen.vn\/thietkeweb\/wp-json\/wp\/v2\/product_brand?post=279"},{"taxonomy":"product_cat","embeddable":true,"href":"https:\/\/themes.tamnguyen.vn\/thietkeweb\/wp-json\/wp\/v2\/product_cat?post=279"},{"taxonomy":"product_tag","embeddable":true,"href":"https:\/\/themes.tamnguyen.vn\/thietkeweb\/wp-json\/wp\/v2\/product_tag?post=279"},{"taxonomy":"yst_prominent_words","embeddable":true,"href":"https:\/\/themes.tamnguyen.vn\/thietkeweb\/wp-json\/wp\/v2\/yst_prominent_words?post=279"}],"curies":[{"name":"wp","href":"https:\/\/api.w.org\/{rel}","templated":true}]}}