{"id":258,"date":"2019-12-07T01:20:02","date_gmt":"2019-12-06T18:20:02","guid":{"rendered":"http:\/\/thietkeweb.ninhbinhweb.biz\/?post_type=product&#038;p=258"},"modified":"2019-12-07T03:27:39","modified_gmt":"2019-12-06T20:27:39","slug":"mau-web-ban-hang-me-va-be","status":"publish","type":"product","link":"https:\/\/themes.tamnguyen.vn\/thietkeweb\/giao-dien\/mau-web-ban-hang-me-va-be\/","title":{"rendered":"M\u1eabu web b\u00e1n h\u00e0ng m\u1eb9 v\u00e0 b\u00e9"},"content":{"rendered":"<p>M\u1eabu website r\u1ea5t \u0111\u1eb9p cho b\u00e1n \u0111\u1ed3 tr\u1ebb em, qu\u1ea7n \u00e1o, v\u1eadt d\u1ee5ng, thi\u1ebft b\u1ecb\u00a0 \u2026 L\u00e0m b\u1eadc cha m\u1eb9 ai c\u0169ng y\u00eau th\u01b0\u01a1ng v\u00e0 ch\u0103m s\u00f3c con c\u00e1i. N\u00ean s\u1ebd kh\u00f4ng h\u1ec1 ti\u1ebfc \u0111\u1ea7u t\u01b0 cho con c\u00e1i khi m\u00e0 s\u1ea3n ph\u1ea9m th\u1ef1c s\u1ef1 ch\u1ea5t l\u01b0\u1ee3ng!<\/p>\n<p><a href=\"http:\/\/ninhbinhweb.info\/\">Ninh B\u00ecnh Web<\/a>\u00a0cung c\u1ea5p c\u00e1c m\u1eabu\u00a0<strong>giao di\u1ec7n website b\u00e1n h\u00e0ng \u0111\u1eb9p nh\u1ea5t<\/strong>\u00a0cho b\u1ea1n \u0111\u1ec3 s\u1eb5n s\u00e0ng chi\u1ebfn d\u1ecbch b\u00e1n h\u00e0ng c\u1ee7a m\u00ecnh.<\/p>\n<p><strong>Y\u00eau c\u1ea7u \u0111\u1eb7c tr\u01b0ng<\/strong>\u00a0c\u1ee7a c\u00e1c website b\u00e1n h\u00e0ng l\u00e0 \u0111\u1ea7y \u0111\u1ee7 c\u00e1c t\u00ednh n\u0103ng c\u1ea7n thi\u1ebft cho ho\u1ea1t \u0111\u1ed9ng kinh doanh online nh\u01b0: \u0111\u0103ng s\u1ea3n ph\u1ea9m, h\u00ecnh \u1ea3nh s\u1ea3n ph\u1ea9m, gi\u00e1 b\u00e1n, gi\u00e1 khuy\u1ebfn m\u1ea1i, t\u00ecnh tr\u1ea1ng c\u00f2n h\u00e0ng hay h\u1ebft h\u00e0ng, m\u00e3 s\u1ea3n ph\u1ea9m, th\u00f4ng tin khuy\u1ebfn m\u00e3i, th\u00f4ng tin li\u00ean h\u1ec7, \u0111\u1eb7t h\u00e0ng, gi\u1ecf h\u00e0ng,\u2026<\/p>\n<p>\u0110a s\u1ed1 c\u00e1c\u00a0<a href=\"http:\/\/ninhbinhweb.info\/mau-website\/mau-website-ban-hang\">m\u1eabu giao di\u1ec7n website b\u00e1n h\u00e0ng<\/a>\u00a0tr\u00ean\u00a0<a href=\"http:\/\/ninhbinhweb.info\/\">Ninhbinhweb.info<\/a>\u00a0s\u1eed d\u1ee5ng\u00a0<strong>Woocommerce<\/strong>, s\u1ed1 \u00edt c\u00f2n l\u1ea1i th\u00ec\u00a0<strong>Custom Post Type<\/strong>\u00a0\u0111\u1ec3 l\u00e0m s\u1ea3n ph\u1ea9m\u00a0<em>(kh\u00f4ng trang gi\u1ecf h\u00e0ng, kh\u00f4ng trang thanh to\u00e1n, kh\u00f4ng l\u01b0u \u0111\u01a1n h\u00e0ng,\u2026).<\/em><\/p>\n<p>Ngo\u00e0i vi\u1ec7c cung c\u1ea5p c\u00e1c m\u1eabu giao di\u1ec7n website b\u00e1n h\u00e0ng c\u00f3 s\u1eb5n ch\u1ee7 y\u1ebfu cho anh em Coder v\u00e0 Marketer th\u00ec m\u00ecnh c\u00f3 nh\u1eadn d\u1ecbch v\u1ee5\u00a0<strong>Thi\u1ebft k\u1ebf website b\u00e1n h\u00e0ng tr\u1ecdn g\u00f3i<\/strong>\u00a0cho kh\u00e1ch h\u00e0ng l\u1ebb l\u00e0 c\u00e1c c\u00e1 nh\u00e2n v\u00e0 \u0111\u01a1n v\u1ecb kinh doanh.<\/p>\n<p>Gi\u00e1 thi\u1ebft k\u1ebf website s\u1ebd \u0111\u01b0\u1ee3c trao \u0111\u1ed5i tr\u1ef1c ti\u1ebfp v\u1edbi qu\u00fd kh\u00e1ch sau khi ch\u1ed1t \u0111\u01b0\u1ee3c y\u00eau c\u1ea7u t\u00ednh n\u0103ng v\u00e0 giao di\u1ec7n c\u1ee7a website.<\/p>\n<p><strong>Quy tr\u00ecnh thi\u1ebft k\u1ebf website gi\u1edbi thi\u1ec7u s\u1ea3n ph\u1ea9m t\u1ea1i Ninh B\u00ecnh Web nh\u01b0 sau:<\/strong><\/p>\n<p><strong>B\u01b0\u1edbc 1:<\/strong>\u00a0T\u01b0 v\u1ea5n v\u1edbi kh\u00e1ch h\u00e0ng v\u1ec1 t\u00ednh n\u0103ng + giao di\u1ec7n, ch\u1ed1t gi\u00e1.<br \/>\n<strong>B\u01b0\u1edbc 2:<\/strong>\u00a0Mua t\u00ean mi\u1ec1n cho kh\u00e1ch (kh\u00e1ch c\u00f3 th\u1ec3 t\u1ef1 mua).<br \/>\n<strong>B\u01b0\u1edbc 3:<\/strong>\u00a0Tri\u1ec3n khai t\u1ea1o g\u00f3i Hosting cho kh\u00e1ch (kh\u00e1ch c\u00f3 th\u1ec3 t\u1ef1 mua)<br \/>\n<strong>B\u01b0\u1edbc 4:<\/strong>\u00a0Th\u1ef1c hi\u1ec7n x\u00e2y d\u1ef1ng website tr\u00ean hosting demo (ch\u1eb7n index)<br \/>\n<strong>B\u01b0\u1edbc 5:<\/strong>\u00a0G\u1eedi link demo website cho kh\u00e1ch duy\u1ec7t v\u00e0 trao \u0111\u1ed5i ch\u1ec9nh s\u1eeda theo \u00fd kh\u00e1ch.<br \/>\n<strong>B\u01b0\u1edbc 6:<\/strong>\u00a0H\u01b0\u1edbng d\u1eabn kh\u00e1ch s\u1eed d\u1ee5ng, qu\u1ea3n tr\u1ecb, \u0111\u0103ng b\u00e0i vi\u1ebft, \u0111\u0103ng s\u1ea3n ph\u1ea9m v\u00e0 c\u00e1c th\u00f4ng tin kh\u00e1c c\u00f3 li\u00ean quan\u2026<br \/>\n<strong>B\u01b0\u1edbc 7:<\/strong>\u00a0M\u1edf index<br \/>\n<strong>B\u01b0\u1edbc 8:<\/strong>\u00a0B\u00e0n giao website cho kh\u00e1ch<\/p>\n<p>V\u1eady, n\u1ebfu b\u1ea1n c\u1ea7n mua m\u1ed9t giao di\u1ec7n website b\u00e1n h\u00e0ng \u0111\u01b0\u1ee3c d\u1ef1ng s\u1eb5n ho\u1eb7c d\u1ecbch v\u1ee5 thi\u1ebft k\u1ebf website tr\u1ecdn g\u00f3i, vui l\u00f2ng cho ch\u00fang t\u00f4i m\u1ed9t c\u01a1 h\u1ed9i \u0111\u01b0\u1ee3c ph\u1ee5c v\u1ee5. Xin c\u00e1m \u01a1n!<\/p>\n<p><strong>Th\u00f4ng tin li\u00ean h\u1ec7:<\/strong><\/p>\n<p><strong>Li\u00ean h\u1ec7:<\/strong>\u00a0<a href=\"https:\/\/www.facebook.com\/joseph.thien.75\">L\u00ea V\u0103n Thi\u1ec7n<\/a><br \/>\n<strong>Phone:<\/strong>\u00a0<a href=\"tel:0972939830\">0972.939.830<\/a><br \/>\n<strong>Email:<\/strong>\u00a0<a href=\"mailto:info.giuseart.com@gmail.com\">info.giuseart.com@gmail.com<\/a><br \/>\n<strong>Website:<\/strong>\u00a0<a href=\"http:\/\/ninhbinhweb.info\/\">www.ninhbinhweb.info<\/a><\/p>\n","protected":false},"excerpt":{"rendered":"<p>M\u1eabu website r\u1ea5t \u0111\u1eb9p cho b\u00e1n \u0111\u1ed3 tr\u1ebb em, qu\u1ea7n \u00e1o, v\u1eadt d\u1ee5ng, thi\u1ebft b\u1ecb\u00a0 \u2026 L\u00e0m b\u1eadc cha m\u1eb9 ai c\u0169ng y\u00eau th\u01b0\u01a1ng v\u00e0 ch\u0103m s\u00f3c con c\u00e1i. N\u00ean s\u1ebd kh\u00f4ng h\u1ec1 ti\u1ebfc \u0111\u1ea7u t\u01b0 cho con c\u00e1i khi m\u00e0 s\u1ea3n ph\u1ea9m th\u1ef1c s\u1ef1 ch\u1ea5t l\u01b0\u1ee3ng! Ninh B\u00ecnh Web\u00a0cung c\u1ea5p c\u00e1c m\u1eabu\u00a0giao di\u1ec7n website &#8230;<\/p>\n","protected":false},"featured_media":260,"comment_status":"open","ping_status":"closed","template":"","meta":{"_acf_changed":false},"product_brand":[],"product_cat":[15,17],"product_tag":[],"yst_prominent_words":[],"class_list":{"0":"post-258","1":"product","2":"type-product","3":"status-publish","4":"has-post-thumbnail","6":"product_cat-kho-giao-dien","7":"product_cat-web-ban-hang","9":"first","10":"instock","11":"shipping-taxable","12":"product-type-simple"},"acf":[],"_links":{"self":[{"href":"https:\/\/themes.tamnguyen.vn\/thietkeweb\/wp-json\/wp\/v2\/product\/258","targetHints":{"allow":["GET"]}}],"collection":[{"href":"https:\/\/themes.tamnguyen.vn\/thietkeweb\/wp-json\/wp\/v2\/product"}],"about":[{"href":"https:\/\/themes.tamnguyen.vn\/thietkeweb\/wp-json\/wp\/v2\/types\/product"}],"replies":[{"embeddable":true,"href":"https:\/\/themes.tamnguyen.vn\/thietkeweb\/wp-json\/wp\/v2\/comments?post=258"}],"wp:featuredmedia":[{"embeddable":true,"href":"https:\/\/themes.tamnguyen.vn\/thietkeweb\/wp-json\/wp\/v2\/media\/260"}],"wp:attachment":[{"href":"https:\/\/themes.tamnguyen.vn\/thietkeweb\/wp-json\/wp\/v2\/media?parent=258"}],"wp:term":[{"taxonomy":"product_brand","embeddable":true,"href":"https:\/\/themes.tamnguyen.vn\/thietkeweb\/wp-json\/wp\/v2\/product_brand?post=258"},{"taxonomy":"product_cat","embeddable":true,"href":"https:\/\/themes.tamnguyen.vn\/thietkeweb\/wp-json\/wp\/v2\/product_cat?post=258"},{"taxonomy":"product_tag","embeddable":true,"href":"https:\/\/themes.tamnguyen.vn\/thietkeweb\/wp-json\/wp\/v2\/product_tag?post=258"},{"taxonomy":"yst_prominent_words","embeddable":true,"href":"https:\/\/themes.tamnguyen.vn\/thietkeweb\/wp-json\/wp\/v2\/yst_prominent_words?post=258"}],"curies":[{"name":"wp","href":"https:\/\/api.w.org\/{rel}","templated":true}]}}