{"id":42,"date":"2019-12-06T14:38:14","date_gmt":"2019-12-06T07:38:14","guid":{"rendered":"http:\/\/thietkeweb.ninhbinhweb.biz\/?page_id=42"},"modified":"2023-04-26T22:58:19","modified_gmt":"2023-04-26T15:58:19","slug":"lien-he","status":"publish","type":"page","link":"https:\/\/themes.tamnguyen.vn\/thietkeweb\/lien-he\/","title":{"rendered":"Li\u00ean h\u1ec7"},"content":{"rendered":"\t<section class=\"section contact-section\" id=\"section_1851886043\">\n\t\t<div class=\"bg section-bg fill bg-fill  \" >\n\n\t\t\t\n\t\t\t<div class=\"section-bg-overlay absolute fill\"><\/div>\n\t\t\t\n\n\t\t<\/div>\n\n\t\t\n\n\t\t<div class=\"section-content relative\">\n\t\t\t\n<div class=\"row\"  id=\"row-836123019\">\n\n\t<div id=\"col-1730629356\" class=\"col small-12 large-12\"  >\n\t\t\t\t<div class=\"col-inner\"  >\n\t\t\t\n\t\t\t\n<div class=\"container section-title-container\" ><h2 class=\"section-title section-title-center\"><b><\/b><span class=\"section-title-main\" style=\"color:rgb(255, 255, 255);\">LI\u00caN H\u1ec6 & \u0110\u1eb6T L\u1ecaCH H\u1eb8N T\u01af V\u1ea4N<\/span><b><\/b><\/h2><\/div>\n<p style=\"text-align: center;\"><span style=\"color: #ffffff;\">Vui l\u00f2ng cho ch\u00fang t\u00f4i m\u1ed9t c\u01a1 h\u1ed9i t\u01b0 v\u1ea5n v\u00e0 gi\u00fap b\u1ea1n th\u1ef1c hi\u1ec7n website tr\u1edf n\u00ean chuy\u00ean nghi\u1ec7p:<\/span><\/p>\n\t\t<\/div>\n\t\t\t\t\t<\/div>\n\n\t\n<\/div>\n\t\t<\/div>\n\n\t\t\n<style>\n#section_1851886043 {\n  padding-top: 30px;\n  padding-bottom: 30px;\n}\n#section_1851886043 .section-bg-overlay {\n  background-color: rgba(0, 0, 0, 0.73);\n}\n#section_1851886043 .section-bg.bg-loaded {\n  background-image: url(https:\/\/themes.tamnguyen.vn\/thietkeweb\/wp-content\/uploads\/2019\/12\/bg-footer.jpg);\n}\n#section_1851886043 .ux-shape-divider--top svg {\n  height: 150px;\n  --divider-top-width: 100%;\n}\n#section_1851886043 .ux-shape-divider--bottom svg {\n  height: 150px;\n  --divider-width: 100%;\n}\n<\/style>\n\t<\/section>\n\t\n\t<section class=\"section contact-section\" id=\"section_128613297\">\n\t\t<div class=\"bg section-bg fill bg-fill  bg-loaded\" >\n\n\t\t\t\n\t\t\t\n\t\t\t\n\n\t\t<\/div>\n\n\t\t\n\n\t\t<div class=\"section-content relative\">\n\t\t\t\n<div class=\"row\"  id=\"row-1560425952\">\n\n\t<div id=\"col-40082860\" class=\"col medium-6 small-12 large-6\"  >\n\t\t\t\t<div class=\"col-inner\"  >\n\t\t\t\n\t\t\t\n\n<div class=\"wpcf7 no-js\" id=\"wpcf7-f2151-o1\" lang=\"vi\" dir=\"ltr\" data-wpcf7-id=\"2151\">\n<div class=\"screen-reader-response\"><p role=\"status\" aria-live=\"polite\" aria-atomic=\"true\"><\/p> <ul><\/ul><\/div>\n<form action=\"\/thietkeweb\/wp-json\/wp\/v2\/pages\/42#wpcf7-f2151-o1\" method=\"post\" class=\"wpcf7-form init\" aria-label=\"Form li\u00ean h\u1ec7\" novalidate=\"novalidate\" data-status=\"init\">\n<div style=\"display: none;\">\n<input type=\"hidden\" name=\"_wpcf7\" value=\"2151\" \/>\n<input type=\"hidden\" name=\"_wpcf7_version\" value=\"6.0.3\" \/>\n<input type=\"hidden\" name=\"_wpcf7_locale\" value=\"vi\" \/>\n<input type=\"hidden\" name=\"_wpcf7_unit_tag\" value=\"wpcf7-f2151-o1\" \/>\n<input type=\"hidden\" name=\"_wpcf7_container_post\" value=\"0\" \/>\n<input type=\"hidden\" name=\"_wpcf7_posted_data_hash\" value=\"\" \/>\n<\/div>\n<p><span class=\"wpcf7-form-control-wrap\" data-name=\"your-name\"><input size=\"40\" maxlength=\"400\" class=\"wpcf7-form-control wpcf7-text wpcf7-validates-as-required\" aria-required=\"true\" aria-invalid=\"false\" placeholder=\"T\u00ean c\u1ee7a b\u1ea1n\" value=\"\" type=\"text\" name=\"your-name\" \/><\/span><br \/>\n<span class=\"wpcf7-form-control-wrap\" data-name=\"your-email\"><input size=\"40\" maxlength=\"400\" class=\"wpcf7-form-control wpcf7-email wpcf7-validates-as-required wpcf7-text wpcf7-validates-as-email\" aria-required=\"true\" aria-invalid=\"false\" placeholder=\"\u0110\u1ecba ch\u1ec9 email\" value=\"\" type=\"email\" name=\"your-email\" \/><\/span><br \/>\n<span class=\"wpcf7-form-control-wrap\" data-name=\"tel-130\"><input size=\"40\" maxlength=\"400\" class=\"wpcf7-form-control wpcf7-tel wpcf7-validates-as-required wpcf7-text wpcf7-validates-as-tel\" aria-required=\"true\" aria-invalid=\"false\" placeholder=\"S\u1ed1 \u0111i\u1ec7n tho\u1ea1i\" value=\"\" type=\"tel\" name=\"tel-130\" \/><\/span><br \/>\n<span class=\"wpcf7-form-control-wrap\" data-name=\"your-message\"><textarea cols=\"40\" rows=\"10\" maxlength=\"2000\" class=\"wpcf7-form-control wpcf7-textarea\" aria-invalid=\"false\" placeholder=\"N\u1ed9i dung li\u00ean h\u1ec7\" name=\"your-message\"><\/textarea><\/span><br \/>\n<input class=\"wpcf7-form-control wpcf7-submit has-spinner\" type=\"submit\" value=\"G\u1eedi \u0111i\" \/>\n<\/p><div class=\"wpcf7-response-output\" aria-hidden=\"true\"><\/div>\n<\/form>\n<\/div>\n\n\t\t<\/div>\n\t\t\t\t\t<\/div>\n\n\t\n\n\t<div id=\"col-832287739\" class=\"col medium-6 small-12 large-6\"  >\n\t\t\t\t<div class=\"col-inner\"  >\n\t\t\t\n\t\t\t\n<h3>C\u00f4ng ty TNHH Truy\u1ec1n th\u00f4ng v\u00e0 qu\u1ea3ng c\u00e1o ABC<\/h3>\n<ul>\n<li><span style=\"font-size: 95%;\"><strong>\u0110\u1ecba ch\u1ec9:<\/strong>\u00a0<\/span><\/li>\n<li><span style=\"font-size: 95%;\"><strong>\u0110i\u1ec7n tho\u1ea1i:<\/strong>\u00a0<\/span><\/li>\n<li><span style=\"font-size: 95%;\"><strong>Email:<\/strong>\u00a0<\/span><\/li>\n<li><span style=\"font-size: 95%;\"><strong>Website:<\/strong>\u00a0<\/span><\/li>\n<\/ul>\n<div class=\"social-icons follow-icons full-width text-left\" ><a href=\"#\" target=\"_blank\" data-label=\"Facebook\" rel=\"noopener noreferrer nofollow\" class=\"icon primary button circle facebook tooltip\" title=\"Follow on Facebook\" aria-label=\"Follow on Facebook\"><i class=\"icon-facebook\" ><\/i><\/a><a href=\"mailto:#\" data-label=\"E-mail\" rel=\"nofollow\" class=\"icon primary button circle  email tooltip\" title=\"Send us an email\" aria-label=\"Send us an email\"><i class=\"icon-envelop\" ><\/i><\/a><a href=\"tel:#\" target=\"_blank\" data-label=\"Phone\" rel=\"noopener noreferrer nofollow\" class=\"icon primary button circle  phone tooltip\" title=\"Call us\" aria-label=\"Call us\"><i class=\"icon-phone\" ><\/i><\/a><a href=\"#\" target=\"_blank\" rel=\"noopener noreferrer nofollow\"  data-label=\"Pinterest\"  class=\"icon primary button circle  pinterest tooltip\" title=\"Follow on Pinterest\" aria-label=\"Follow on Pinterest\"><i class=\"icon-pinterest\" ><\/i><\/a><\/div>\n\t\t<\/div>\n\t\t\t\t\t<\/div>\n\n\t\n<\/div>\n\t\t<\/div>\n\n\t\t\n<style>\n#section_128613297 {\n  padding-top: 30px;\n  padding-bottom: 30px;\n}\n#section_128613297 .ux-shape-divider--top svg {\n  height: 150px;\n  --divider-top-width: 100%;\n}\n#section_128613297 .ux-shape-divider--bottom svg {\n  height: 150px;\n  --divider-width: 100%;\n}\n<\/style>\n\t<\/section>\n\t\n","protected":false},"excerpt":{"rendered":"","protected":false},"author":1,"featured_media":0,"parent":0,"menu_order":0,"comment_status":"closed","ping_status":"closed","template":"page-blank.php","meta":{"_acf_changed":false,"footnotes":""},"yst_prominent_words":[],"class_list":["post-42","page","type-page","status-publish","hentry"],"acf":[],"_links":{"self":[{"href":"https:\/\/themes.tamnguyen.vn\/thietkeweb\/wp-json\/wp\/v2\/pages\/42","targetHints":{"allow":["GET"]}}],"collection":[{"href":"https:\/\/themes.tamnguyen.vn\/thietkeweb\/wp-json\/wp\/v2\/pages"}],"about":[{"href":"https:\/\/themes.tamnguyen.vn\/thietkeweb\/wp-json\/wp\/v2\/types\/page"}],"author":[{"embeddable":true,"href":"https:\/\/themes.tamnguyen.vn\/thietkeweb\/wp-json\/wp\/v2\/users\/1"}],"replies":[{"embeddable":true,"href":"https:\/\/themes.tamnguyen.vn\/thietkeweb\/wp-json\/wp\/v2\/comments?post=42"}],"version-history":[{"count":18,"href":"https:\/\/themes.tamnguyen.vn\/thietkeweb\/wp-json\/wp\/v2\/pages\/42\/revisions"}],"predecessor-version":[{"id":2357,"href":"https:\/\/themes.tamnguyen.vn\/thietkeweb\/wp-json\/wp\/v2\/pages\/42\/revisions\/2357"}],"wp:attachment":[{"href":"https:\/\/themes.tamnguyen.vn\/thietkeweb\/wp-json\/wp\/v2\/media?parent=42"}],"wp:term":[{"taxonomy":"yst_prominent_words","embeddable":true,"href":"https:\/\/themes.tamnguyen.vn\/thietkeweb\/wp-json\/wp\/v2\/yst_prominent_words?post=42"}],"curies":[{"name":"wp","href":"https:\/\/api.w.org\/{rel}","templated":true}]}}