{"id":31,"date":"2019-12-06T14:36:49","date_gmt":"2019-12-06T07:36:49","guid":{"rendered":"http:\/\/thietkeweb.ninhbinhweb.biz\/?page_id=31"},"modified":"2019-12-08T23:03:34","modified_gmt":"2019-12-08T16:03:34","slug":"seo-website","status":"publish","type":"page","link":"https:\/\/themes.tamnguyen.vn\/thietkeweb\/seo-website\/","title":{"rendered":"Seo website"},"content":{"rendered":"\t<div class=\"img has-hover x md-x lg-x y md-y lg-y\" id=\"image_1712260863\">\n\t\t\t\t\t\t\t\t<div class=\"img-inner dark\" >\n\t\t\t<img loading=\"lazy\" decoding=\"async\" width=\"1920\" height=\"500\" src=\"https:\/\/themes.tamnguyen.vn\/thietkeweb\/wp-content\/uploads\/2019\/12\/slider2.jpg\" class=\"attachment-original size-original\" alt=\"\" srcset=\"https:\/\/themes.tamnguyen.vn\/thietkeweb\/wp-content\/uploads\/2019\/12\/slider2.jpg 1920w, https:\/\/themes.tamnguyen.vn\/thietkeweb\/wp-content\/uploads\/2019\/12\/slider2-600x156.jpg 600w, https:\/\/themes.tamnguyen.vn\/thietkeweb\/wp-content\/uploads\/2019\/12\/slider2-300x78.jpg 300w, https:\/\/themes.tamnguyen.vn\/thietkeweb\/wp-content\/uploads\/2019\/12\/slider2-1024x267.jpg 1024w, https:\/\/themes.tamnguyen.vn\/thietkeweb\/wp-content\/uploads\/2019\/12\/slider2-768x200.jpg 768w, https:\/\/themes.tamnguyen.vn\/thietkeweb\/wp-content\/uploads\/2019\/12\/slider2-1536x400.jpg 1536w\" sizes=\"auto, (max-width: 1920px) 100vw, 1920px\" \/>\t\t\t\t\t\t\n\t\t\t\t\t<\/div>\n\t\t\t\t\t\t\t\t\n<style>\n#image_1712260863 {\n  width: 100%;\n}\n<\/style>\n\t<\/div>\n\t\n\t<section class=\"section ly-do-section\" id=\"section_1724466438\">\n\t\t<div class=\"bg section-bg fill bg-fill  bg-loaded\" >\n\n\t\t\t\n\t\t\t\n\t\t\t\n\n\t\t<\/div>\n\n\t\t\n\n\t\t<div class=\"section-content relative\">\n\t\t\t\n<div class=\"row\"  id=\"row-1109110971\">\n\n\t<div id=\"col-1396654969\" class=\"col small-12 large-12\"  >\n\t\t\t\t<div class=\"col-inner\"  >\n\t\t\t\n\t\t\t\n<div class=\"container section-title-container\" ><h2 class=\"section-title section-title-center\"><b><\/b><span class=\"section-title-main\" style=\"font-size:120%;color:rgb(39, 45, 165);\">B\u1ea1n \u0111\u01b0\u1ee3c g\u00ec khi SEO website?<\/span><b><\/b><\/h2><\/div>\n<p style=\"text-align: center;\">D\u1ecbch v\u1ee5 t\u1ed1i \u01b0u h\u00f3a c\u00f4ng c\u1ee5 t\u00ecm ki\u1ebfm hi\u1ec7u qu\u1ea3, \u0111\u01b0a website l\u00ean top nhanh ch\u00f3ng, b\u1ec1n v\u1eefng v\u1edbi chi ph\u00ed h\u1ee3p l\u00fd nh\u1ea5t.<\/p>\n\t\t<\/div>\n\t\t\t\t\t<\/div>\n\n\t\n\n\t<div id=\"col-67143870\" class=\"col medium-4 small-12 large-4\"  >\n\t\t\t\t<div class=\"col-inner\"  >\n\t\t\t\n\t\t\t\n\n\t\t<div class=\"icon-box featured-box icon-box-center text-center\"  >\n\t\t\t\t\t<div class=\"icon-box-img\" style=\"width: 75px\">\n\t\t\t\t<div class=\"icon\">\n\t\t\t\t\t<div class=\"icon-inner\" >\n\t\t\t\t\t\t<img loading=\"lazy\" decoding=\"async\" width=\"71\" height=\"71\" src=\"https:\/\/themes.tamnguyen.vn\/thietkeweb\/wp-content\/uploads\/2019\/12\/chi-phi.jpg\" class=\"attachment-medium size-medium\" alt=\"\" \/>\t\t\t\t\t<\/div>\n\t\t\t\t<\/div>\n\t\t\t<\/div>\n\t\t\t\t<div class=\"icon-box-text last-reset\">\n\t\t\t\t\t\t\t\t\t\n<h3 style=\"text-align: center;\">TI\u1ebeT KI\u1ec6M TH\u1edcI GIAN<\/h3>\n<p style=\"text-align: center;\">Trong v\u00f2ng t\u1eeb 03 &#8211; 06 th\u00e1ng, kh\u00e1ch h\u00e0ng s\u1ebd th\u1ea5y s\u1ef1 thay \u0111\u1ed5i r\u00f5 r\u1ec7t v\u1ec1 l\u01b0\u1ee3ng truy c\u1eadp c\u0169ng nh\u01b0 t\u1ec9 l\u1ec7 kh\u00e1ch h\u00e0ng.<\/p>\n\t\t<\/div>\n\t<\/div>\n\t\n\t\n\t\t<\/div>\n\t\t\t\t\t<\/div>\n\n\t\n\n\t<div id=\"col-659453185\" class=\"col medium-4 small-12 large-4\"  >\n\t\t\t\t<div class=\"col-inner\"  >\n\t\t\t\n\t\t\t\n\n\t\t<div class=\"icon-box featured-box icon-box-center text-center\"  >\n\t\t\t\t\t<div class=\"icon-box-img\" style=\"width: 75px\">\n\t\t\t\t<div class=\"icon\">\n\t\t\t\t\t<div class=\"icon-inner\" >\n\t\t\t\t\t\t<img loading=\"lazy\" decoding=\"async\" width=\"71\" height=\"71\" src=\"https:\/\/themes.tamnguyen.vn\/thietkeweb\/wp-content\/uploads\/2019\/12\/time.jpg\" class=\"attachment-medium size-medium\" alt=\"\" \/>\t\t\t\t\t<\/div>\n\t\t\t\t<\/div>\n\t\t\t<\/div>\n\t\t\t\t<div class=\"icon-box-text last-reset\">\n\t\t\t\t\t\t\t\t\t\n<h3 style=\"text-align: center;\">L\u01af\u1ee2NG TRUY C\u1eacP T\u0102NG \u0110\u1ec0U V\u00c0 \u1ed4N \u0110\u1ecaNH<\/h3>\n<p style=\"text-align: center;\">L\u01b0\u1ee3ng truy c\u1eadp &amp; chuy\u1ec3n \u0111\u1ed5i t\u0103ng t\u1eeb 30% &#8211; 200% nh\u1edd t\u1ed1i \u01b0u h\u00f3a c\u00f4ng c\u1ee5 t\u00ecm ki\u1ebfm (SEO).<\/p>\n\t\t<\/div>\n\t<\/div>\n\t\n\t\n\t\t<\/div>\n\t\t\t\t\t<\/div>\n\n\t\n\n\t<div id=\"col-1216622719\" class=\"col medium-4 small-12 large-4\"  >\n\t\t\t\t<div class=\"col-inner\"  >\n\t\t\t\n\t\t\t\n\n\t\t<div class=\"icon-box featured-box icon-box-center text-center\"  >\n\t\t\t\t\t<div class=\"icon-box-img\" style=\"width: 75px\">\n\t\t\t\t<div class=\"icon\">\n\t\t\t\t\t<div class=\"icon-inner\" >\n\t\t\t\t\t\t<img loading=\"lazy\" decoding=\"async\" width=\"71\" height=\"71\" src=\"https:\/\/themes.tamnguyen.vn\/thietkeweb\/wp-content\/uploads\/2019\/12\/chuyen-nghiep.jpg\" class=\"attachment-medium size-medium\" alt=\"\" \/>\t\t\t\t\t<\/div>\n\t\t\t\t<\/div>\n\t\t\t<\/div>\n\t\t\t\t<div class=\"icon-box-text last-reset\">\n\t\t\t\t\t\t\t\t\t\n<h3 style=\"text-align: center;\">KH\u1eb2NG \u0110\u1ecaNH V\u1eca TH\u1ebe TH\u01af\u01a0NG HI\u1ec6U<\/h3>\n<p style=\"text-align: center;\">Th\u1ee9 h\u1ea1ng website c\u1ee7a b\u1ea1n cao tr\u00ean google gi\u00fap th\u01b0\u01a1ng hi\u1ec7u b\u1ea1n v\u01b0\u01a1n t\u1ea7m \u1ea3nh h\u01b0\u1edfng xa h\u01a1n.<\/p>\n\t\t<\/div>\n\t<\/div>\n\t\n\t\n\t\t<\/div>\n\t\t\t\t\t<\/div>\n\n\t\n<\/div>\n\t\t<\/div>\n\n\t\t\n<style>\n#section_1724466438 {\n  padding-top: 43px;\n  padding-bottom: 43px;\n}\n#section_1724466438 .ux-shape-divider--top svg {\n  height: 150px;\n  --divider-top-width: 100%;\n}\n#section_1724466438 .ux-shape-divider--bottom svg {\n  height: 150px;\n  --divider-width: 100%;\n}\n<\/style>\n\t<\/section>\n\t\n\t<section class=\"section nang-luc-section dark\" id=\"section_819729914\">\n\t\t<div class=\"bg section-bg fill bg-fill  \" >\n\n\t\t\t\n\t\t\t<div class=\"section-bg-overlay absolute fill\"><\/div>\n\t\t\t\n\n\t\t<\/div>\n\n\t\t\n\n\t\t<div class=\"section-content relative\">\n\t\t\t\n<div class=\"row\"  id=\"row-198437791\">\n\n\t<div id=\"col-1018491460\" class=\"col small-12 large-12\"  >\n\t\t\t\t<div class=\"col-inner\"  >\n\t\t\t\n\t\t\t\n<div class=\"container section-title-container\" ><h2 class=\"section-title section-title-center\"><b><\/b><span class=\"section-title-main\" style=\"font-size:120%;\">N\u0103ng l\u1ef1c c\u1ee7a ch\u00fang t\u00f4i<\/span><b><\/b><\/h2><\/div>\n\t\t<\/div>\n\t\t\t\t\t<\/div>\n\n\t\n\n\t<div id=\"col-824753457\" class=\"col medium-4 small-12 large-4\"  >\n\t\t\t\t<div class=\"col-inner\"  >\n\t\t\t\n\t\t\t\n<h3 style=\"text-align: center;\"><span style=\"font-size: 200%;\">1.500+<\/span><\/h3>\n<p style=\"text-align: center;\"><span style=\"color: #addcff; font-size: 130%;\">Kh\u00e1ch h\u00e0ng tin t\u01b0\u1edfng<\/span><\/p>\n\t\t<\/div>\n\t\t\t\t\t<\/div>\n\n\t\n\n\t<div id=\"col-1836383293\" class=\"col medium-4 small-12 large-4\"  >\n\t\t\t\t<div class=\"col-inner\"  >\n\t\t\t\n\t\t\t\n<h3 style=\"text-align: center;\"><span style=\"font-size: 200%;\">10 n\u0103m+<\/span><\/h3>\n<p style=\"text-align: center;\"><span style=\"font-size: 120%; color: #addcff;\">Kinh nghi\u1ec7m thi\u1ebft k\u1ebf website<\/span><\/p>\n\t\t<\/div>\n\t\t\t\t\t<\/div>\n\n\t\n\n\t<div id=\"col-249919636\" class=\"col medium-4 small-12 large-4\"  >\n\t\t\t\t<div class=\"col-inner\"  >\n\t\t\t\n\t\t\t\n<h3 style=\"text-align: center;\"><span style=\"font-size: 200%;\">200+<\/span><\/h3>\n<p style=\"text-align: center;\"><span style=\"font-size: 120%; color: #addcff;\">M\u1eabu giao di\u1ec7n website \u0111\u1eb9p<\/span><\/p>\n\t\t<\/div>\n\t\t\t\t\t<\/div>\n\n\t\n<\/div>\n\t\t<\/div>\n\n\t\t\n<style>\n#section_819729914 {\n  padding-top: 48px;\n  padding-bottom: 48px;\n}\n#section_819729914 .section-bg-overlay {\n  background-color: rgba(39, 45, 165, 0.67);\n}\n#section_819729914 .section-bg.bg-loaded {\n  background-image: url(https:\/\/themes.tamnguyen.vn\/thietkeweb\/wp-content\/uploads\/2019\/12\/bg-nang-luc.jpg);\n}\n#section_819729914 .ux-shape-divider--top svg {\n  height: 150px;\n  --divider-top-width: 100%;\n}\n#section_819729914 .ux-shape-divider--bottom svg {\n  height: 150px;\n  --divider-width: 100%;\n}\n<\/style>\n\t<\/section>\n\t\n\t<section class=\"section ly-do-section\" id=\"section_2044678290\">\n\t\t<div class=\"bg section-bg fill bg-fill  bg-loaded\" >\n\n\t\t\t\n\t\t\t\n\t\t\t\n\n\t\t<\/div>\n\n\t\t\n\n\t\t<div class=\"section-content relative\">\n\t\t\t\n<div class=\"row\"  id=\"row-1531298477\">\n\n\t<div id=\"col-780846544\" class=\"col small-12 large-12\"  >\n\t\t\t\t<div class=\"col-inner\"  >\n\t\t\t\n\t\t\t\n<div class=\"container section-title-container\" ><h2 class=\"section-title section-title-center\"><b><\/b><span class=\"section-title-main\" style=\"font-size:120%;color:rgb(39, 45, 165);\">V\u00ec sao n\u00ean ch\u1ecdn ch\u00fang t\u00f4i?<\/span><b><\/b><\/h2><\/div>\n<div style=\"text-align: center;\">Ch\u00fang t\u00f4i s\u1edf h\u1eefu h\u00e0ng tr\u0103m m\u1eabu giao di\u1ec7n thi\u1ebft k\u1ebf hi\u1ec7n \u0111\u1ea1i, t\u00edch h\u1ee3p ch\u1ee9c n\u0103ng theo y\u00eau c\u1ea7u gi\u00fap b\u1ea1n<\/div>\n<div style=\"text-align: center;\">c\u00f3 th\u1ec3 d\u1ec5 d\u00e0ng thao t\u00e1c ch\u1ec9nh s\u1eeda theo mong mu\u1ed1n. C\u00f2n n\u1ebfu b\u1ea1n qu\u00e1 b\u1eadn r\u1ed9n v\u00e0 kh\u00f4ng th\u1ec3 t\u1ef1 m\u00ecnh ch\u0103m s\u00f3c website.<\/div>\n<div style=\"text-align: center;\">\u0110\u1eebng lo h\u00e3y \u0111\u1ec3 ch\u00fang t\u00f4i h\u1ed7 tr\u1ee3 b\u1ea1n ch\u0103m s\u00f3c, \u0111\u0103ng b\u00e0i vi\u1ebft, s\u1ea3n ph\u1ea9m\u2026<\/div>\n<div style=\"text-align: center;\">v\u1edbi chi ph\u00ed th\u1ea5p v\u00e0 hi\u1ec7u qu\u1ea3 website mang l\u1ea1i cao nh\u1ea5t.<\/div>\n\t\t<\/div>\n\t\t\t\t\t<\/div>\n\n\t\n\n\t<div id=\"col-1437704737\" class=\"col medium-7 small-12 large-7\"  >\n\t\t\t\t<div class=\"col-inner\"  >\n\t\t\t\n\t\t\t\n\n\t\t<div class=\"icon-box featured-box icon-box-left text-left\"  >\n\t\t\t\t\t<div class=\"icon-box-img\" style=\"width: 84px\">\n\t\t\t\t<div class=\"icon\">\n\t\t\t\t\t<div class=\"icon-inner\" >\n\t\t\t\t\t\t<img loading=\"lazy\" decoding=\"async\" width=\"71\" height=\"71\" src=\"https:\/\/themes.tamnguyen.vn\/thietkeweb\/wp-content\/uploads\/2019\/12\/chi-phi.jpg\" class=\"attachment-medium size-medium\" alt=\"\" \/>\t\t\t\t\t<\/div>\n\t\t\t\t<\/div>\n\t\t\t<\/div>\n\t\t\t\t<div class=\"icon-box-text last-reset\">\n\t\t\t\t\t\t\t\t\t\n<h3>Ti\u1ebft ki\u1ec7m th\u1eddi gian<\/h3>\n<p><span style=\"font-size: 95%;\">Ch\u00fang t\u00f4i h\u1ed7 tr\u1ee3 b\u1ea1n nh\u1eadp d\u1eef li\u1ec7u l\u1ea7n \u0111\u1ea7u, thi\u1ebft k\u1ebf banner v\u00e0 qu\u1ea3n l\u00fd website ho\u1ea1t \u0111\u1ed9ng xuy\u00ean su\u1ed1t. B\u1ea1n c\u00f3 th\u1ec3 ki\u1ec3m so\u00e1t m\u1ecdi th\u1ee9 t\u1ea1i website nhanh ch\u00f3ng v\u00e0 d\u00e0nh th\u1eddi gian \u0111\u1ec3 ph\u00e1t tri\u1ec3n kinh doanh.<\/span><\/p>\n\t\t<\/div>\n\t<\/div>\n\t\n\t\n\n\t\t<div class=\"icon-box featured-box icon-box-left text-left\"  >\n\t\t\t\t\t<div class=\"icon-box-img\" style=\"width: 84px\">\n\t\t\t\t<div class=\"icon\">\n\t\t\t\t\t<div class=\"icon-inner\" >\n\t\t\t\t\t\t<img loading=\"lazy\" decoding=\"async\" width=\"71\" height=\"71\" src=\"https:\/\/themes.tamnguyen.vn\/thietkeweb\/wp-content\/uploads\/2019\/12\/time.jpg\" class=\"attachment-medium size-medium\" alt=\"\" \/>\t\t\t\t\t<\/div>\n\t\t\t\t<\/div>\n\t\t\t<\/div>\n\t\t\t\t<div class=\"icon-box-text last-reset\">\n\t\t\t\t\t\t\t\t\t\n<h3>Ti\u1ebft ki\u1ec7m chi ph\u00ed<\/h3>\n<p><span style=\"font-size: 95%;\">V\u1edbi m\u1ed9t m\u1ee9c gi\u00e1 v\u00f4 c\u00f9ng h\u1ea1t d\u1ebb, b\u1ea1n \u0111\u00e3 c\u00f3 th\u1ec3 s\u1edf h\u1eefu website v\u1edbi \u0111\u1ea7y \u0111\u1ee7 ch\u1ee9c n\u0103ng c\u1ea7n thi\u1ebft. Ngo\u00e0i ra b\u1ea1n kh\u00f4ng c\u00f2n c\u1ea7n t\u1ed1n qu\u00e1 nhi\u1ec1u chi ph\u00ed khi ph\u1ea3i thu\u00ea nh\u00e2n vi\u00ean thi\u1ebft k\u1ebf ho\u1eb7c nh\u00e2n vi\u00ean qu\u1ea3n l\u00ed website v\u00ec t\u1ea5t c\u1ea3 \u0111\u00e3 c\u00f3 ch\u00fang t\u00f4i h\u1ed7 tr\u1ee3.<\/span><\/p>\n\t\t<\/div>\n\t<\/div>\n\t\n\t\n\n\t\t<div class=\"icon-box featured-box icon-box-left text-left\"  >\n\t\t\t\t\t<div class=\"icon-box-img\" style=\"width: 84px\">\n\t\t\t\t<div class=\"icon\">\n\t\t\t\t\t<div class=\"icon-inner\" >\n\t\t\t\t\t\t<img loading=\"lazy\" decoding=\"async\" width=\"71\" height=\"71\" src=\"https:\/\/themes.tamnguyen.vn\/thietkeweb\/wp-content\/uploads\/2019\/12\/chuyen-nghiep.jpg\" class=\"attachment-medium size-medium\" alt=\"\" \/>\t\t\t\t\t<\/div>\n\t\t\t\t<\/div>\n\t\t\t<\/div>\n\t\t\t\t<div class=\"icon-box-text last-reset\">\n\t\t\t\t\t\t\t\t\t\n<h3>Tr\u1edf n\u00ean chuy\u00ean nghi\u1ec7p<\/h3>\n<p><span style=\"font-size: 95%;\">Vi\u1ec7c s\u1edf h\u1eefu website s\u1ebd gi\u00fap doanh nghi\u1ec7p ho\u1eb7c c\u00e1 nh\u00e2n c\u1ee7a b\u1ea1n gia t\u0103ng uy t\u00edn l\u00ean r\u1ea5t nhi\u1ec1u. Website c\u0169ng ch\u00ednh l\u00e0 g\u01b0\u01a1ng m\u1eb7t th\u01b0\u01a1ng hi\u1ec7u, m\u1ed9t website chuy\u00ean nghi\u1ec7p s\u1ebd kh\u1eb3ng \u0111\u1ecbnh v\u1ecb th\u1ebf c\u1ee7a b\u1ea1n v\u1edbi \u0111\u1ed1i t\u00e1c v\u00e0 kh\u00e1ch h\u00e0ng.<\/span><\/p>\n\t\t<\/div>\n\t<\/div>\n\t\n\t\n\t\t<\/div>\n\t\t\t\t\t<\/div>\n\n\t\n\n\t<div id=\"col-735067089\" class=\"col medium-5 small-12 large-5\"  >\n\t\t\t\t<div class=\"col-inner\"  >\n\t\t\t\n\t\t\t\n\t<div class=\"img has-hover x md-x lg-x y md-y lg-y\" id=\"image_1208455590\">\n\t\t\t\t\t\t\t\t<div class=\"img-inner dark\" >\n\t\t\t<img loading=\"lazy\" decoding=\"async\" width=\"470\" height=\"400\" src=\"https:\/\/themes.tamnguyen.vn\/thietkeweb\/wp-content\/uploads\/2019\/12\/tkweb.png\" class=\"attachment-original size-original\" alt=\"\" srcset=\"https:\/\/themes.tamnguyen.vn\/thietkeweb\/wp-content\/uploads\/2019\/12\/tkweb.png 470w, https:\/\/themes.tamnguyen.vn\/thietkeweb\/wp-content\/uploads\/2019\/12\/tkweb-300x255.png 300w\" sizes=\"auto, (max-width: 470px) 100vw, 470px\" \/>\t\t\t\t\t\t\n\t\t\t\t\t<\/div>\n\t\t\t\t\t\t\t\t\n<style>\n#image_1208455590 {\n  width: 100%;\n}\n<\/style>\n\t<\/div>\n\t\n\t\t<\/div>\n\t\t\t\t\t<\/div>\n\n\t\n<\/div>\n\t\t<\/div>\n\n\t\t\n<style>\n#section_2044678290 {\n  padding-top: 49px;\n  padding-bottom: 49px;\n  background-color: rgb(255, 255, 255);\n}\n#section_2044678290 .ux-shape-divider--top svg {\n  height: 150px;\n  --divider-top-width: 100%;\n}\n#section_2044678290 .ux-shape-divider--bottom svg {\n  height: 150px;\n  --divider-width: 100%;\n}\n<\/style>\n\t<\/section>\n\t\n\t<section class=\"section quan-tam-section dark\" id=\"section_531893127\">\n\t\t<div class=\"bg section-bg fill bg-fill  \" >\n\n\t\t\t\n\t\t\t<div class=\"section-bg-overlay absolute fill\"><\/div>\n\t\t\t\n\n\t\t<\/div>\n\n\t\t\n\n\t\t<div class=\"section-content relative\">\n\t\t\t\n<div class=\"row\"  id=\"row-1942381475\">\n\n\t<div id=\"col-85069889\" class=\"col small-12 large-12\"  >\n\t\t\t\t<div class=\"col-inner text-center\"  >\n\t\t\t\n\t\t\t\n\t<div class=\"img has-hover x md-x lg-x y md-y lg-y\" id=\"image_285017951\">\n\t\t\t\t\t\t\t\t<div class=\"img-inner dark\" >\n\t\t\t<img loading=\"lazy\" decoding=\"async\" width=\"215\" height=\"185\" src=\"https:\/\/themes.tamnguyen.vn\/thietkeweb\/wp-content\/uploads\/2019\/12\/sx-1568537154.6582.png\" class=\"attachment-original size-original\" alt=\"\" \/>\t\t\t\t\t\t\n\t\t\t\t\t<\/div>\n\t\t\t\t\t\t\t\t\n<style>\n#image_285017951 {\n  width: 20%;\n}\n<\/style>\n\t<\/div>\n\t\n<div class=\"container section-title-container\" ><h2 class=\"section-title section-title-center\"><b><\/b><span class=\"section-title-main\" style=\"font-size:120%;\">B\u1ea1n quan t\u00e2m g\u00ec t\u1edbi d\u1ecbch v\u1ee5 c\u1ee7a ch\u00fang t\u00f4i?<\/span><b><\/b><\/h2><\/div>\n<p style=\"text-align: center;\">H\u00e3y li\u00ean h\u1ec7 v\u1edbi ch\u00fang t\u00f4i \u0111\u1ec3 c\u00f9ng nhau trao \u0111\u1ed5i v\u1ec1 c\u00e1c gi\u1ea3i ph\u00e1p h\u1ed7 tr\u1ee3 vi\u1ec7c kinh doanh c\u1ee7a b\u1ea1n hi\u1ec7u qu\u1ea3 tr\u00ean internet<\/p>\n<a class=\"button secondary is-large lowercase nut-xem-them\"  style=\"border-radius:99px;\">\n    <span>Li\u00ean h\u1ec7 t\u01b0 v\u1ea5n ngay<\/span>\n  <i class=\"icon-angle-right\" aria-hidden=\"true\" ><\/i><\/a>\n\n\t\t<\/div>\n\t\t\t\t\t<\/div>\n\n\t\n<\/div>\n\t\t<\/div>\n\n\t\t\n<style>\n#section_531893127 {\n  padding-top: 44px;\n  padding-bottom: 44px;\n}\n#section_531893127 .section-bg-overlay {\n  background-color: rgba(0, 0, 0, 0);\n}\n#section_531893127 .section-bg.bg-loaded {\n  background-image: url(https:\/\/themes.tamnguyen.vn\/thietkeweb\/wp-content\/uploads\/2019\/12\/Lien-he-bg-1.jpg);\n}\n#section_531893127 .ux-shape-divider--top svg {\n  height: 150px;\n  --divider-top-width: 100%;\n}\n#section_531893127 .ux-shape-divider--bottom svg {\n  height: 150px;\n  --divider-width: 100%;\n}\n<\/style>\n\t<\/section>\n\t\n\t<section class=\"section khach-hang-section\" id=\"section_2000759564\">\n\t\t<div class=\"bg section-bg fill bg-fill  bg-loaded\" >\n\n\t\t\t\n\t\t\t\n\t\t\t\n\n\t\t<\/div>\n\n\t\t\n\n\t\t<div class=\"section-content relative\">\n\t\t\t\n<div class=\"row row-collapse row-solid\"  id=\"row-1915020479\">\n\n\t<div id=\"col-1277319371\" class=\"col small-12 large-12\"  >\n\t\t\t\t<div class=\"col-inner\"  >\n\t\t\t\n\t\t\t\n<div class=\"container section-title-container\" ><h2 class=\"section-title section-title-center\"><b><\/b><span class=\"section-title-main\" style=\"font-size:120%;color:rgb(39, 45, 165);\">Kh\u00e1ch h\u00e0ng c\u1ee7a ch\u00fang t\u00f4i<\/span><b><\/b><\/h2><\/div>\n<p style=\"text-align: center;\">H\u01a1n 100 doanh nghi\u1ec7p \u0111\u00e3 tin t\u01b0\u1edfng \u1ee7ng h\u1ed9 ch\u00fang t\u00f4i, tuy nhi\u00ean, ch\u00fang t\u00f4i ch\u1ec9 xin ph\u00e9p gi\u1edbi thi\u1ec7u m\u1ed9t s\u1ed1 kh\u00e1ch h\u00e0ng ti\u00eau bi\u1ec3u d\u01b0\u1edbi \u0111\u00e2y<\/p>\n\t\t<\/div>\n\t\t\t\t\t<\/div>\n\n\t\n\n\t<div id=\"col-1006263633\" class=\"col medium-2 small-12 large-2\"  >\n\t\t\t\t<div class=\"col-inner\" style=\"background-color:rgb(255, 255, 255);\" >\n\t\t\t\n\t\t\t\n\t<div class=\"img has-hover x md-x lg-x y md-y lg-y\" id=\"image_694747454\">\n\t\t\t\t\t\t\t\t<div class=\"img-inner dark\" >\n\t\t\t<img loading=\"lazy\" decoding=\"async\" width=\"400\" height=\"100\" src=\"https:\/\/themes.tamnguyen.vn\/thietkeweb\/wp-content\/uploads\/2019\/12\/elegant_themes-logo.png\" class=\"attachment-original size-original\" alt=\"\" srcset=\"https:\/\/themes.tamnguyen.vn\/thietkeweb\/wp-content\/uploads\/2019\/12\/elegant_themes-logo.png 400w, https:\/\/themes.tamnguyen.vn\/thietkeweb\/wp-content\/uploads\/2019\/12\/elegant_themes-logo-300x75.png 300w\" sizes=\"auto, (max-width: 400px) 100vw, 400px\" \/>\t\t\t\t\t\t\n\t\t\t\t\t<\/div>\n\t\t\t\t\t\t\t\t\n<style>\n#image_694747454 {\n  width: 100%;\n}\n<\/style>\n\t<\/div>\n\t\n\t\t<\/div>\n\t\t\t\t\t<\/div>\n\n\t\n\n\t<div id=\"col-1908062346\" class=\"col medium-2 small-12 large-2\"  >\n\t\t\t\t<div class=\"col-inner\" style=\"background-color:rgb(255, 255, 255);\" >\n\t\t\t\n\t\t\t\n\t<div class=\"img has-hover x md-x lg-x y md-y lg-y\" id=\"image_1474005354\">\n\t\t\t\t\t\t\t\t<div class=\"img-inner dark\" >\n\t\t\t<img loading=\"lazy\" decoding=\"async\" width=\"400\" height=\"100\" src=\"https:\/\/themes.tamnguyen.vn\/thietkeweb\/wp-content\/uploads\/2019\/12\/mythemeshop-logo.png\" class=\"attachment-original size-original\" alt=\"\" srcset=\"https:\/\/themes.tamnguyen.vn\/thietkeweb\/wp-content\/uploads\/2019\/12\/mythemeshop-logo.png 400w, https:\/\/themes.tamnguyen.vn\/thietkeweb\/wp-content\/uploads\/2019\/12\/mythemeshop-logo-300x75.png 300w\" sizes=\"auto, (max-width: 400px) 100vw, 400px\" \/>\t\t\t\t\t\t\n\t\t\t\t\t<\/div>\n\t\t\t\t\t\t\t\t\n<style>\n#image_1474005354 {\n  width: 100%;\n}\n<\/style>\n\t<\/div>\n\t\n\t\t<\/div>\n\t\t\t\t\t<\/div>\n\n\t\n\n\t<div id=\"col-110915179\" class=\"col medium-2 small-12 large-2\"  >\n\t\t\t\t<div class=\"col-inner\" style=\"background-color:rgb(255, 255, 255);\" >\n\t\t\t\n\t\t\t\n\t<div class=\"img has-hover x md-x lg-x y md-y lg-y\" id=\"image_1057036717\">\n\t\t\t\t\t\t\t\t<div class=\"img-inner dark\" >\n\t\t\t<img loading=\"lazy\" decoding=\"async\" width=\"400\" height=\"100\" src=\"https:\/\/themes.tamnguyen.vn\/thietkeweb\/wp-content\/uploads\/2019\/12\/studiopress-logo.png\" class=\"attachment-original size-original\" alt=\"\" srcset=\"https:\/\/themes.tamnguyen.vn\/thietkeweb\/wp-content\/uploads\/2019\/12\/studiopress-logo.png 400w, https:\/\/themes.tamnguyen.vn\/thietkeweb\/wp-content\/uploads\/2019\/12\/studiopress-logo-300x75.png 300w\" sizes=\"auto, (max-width: 400px) 100vw, 400px\" \/>\t\t\t\t\t\t\n\t\t\t\t\t<\/div>\n\t\t\t\t\t\t\t\t\n<style>\n#image_1057036717 {\n  width: 100%;\n}\n<\/style>\n\t<\/div>\n\t\n\t\t<\/div>\n\t\t\t\t\t<\/div>\n\n\t\n\n\t<div id=\"col-2004807214\" class=\"col medium-2 small-12 large-2\"  >\n\t\t\t\t<div class=\"col-inner\" style=\"background-color:rgb(255, 255, 255);\" >\n\t\t\t\n\t\t\t\n\t<div class=\"img has-hover x md-x lg-x y md-y lg-y\" id=\"image_47732507\">\n\t\t\t\t\t\t\t\t<div class=\"img-inner dark\" >\n\t\t\t<img loading=\"lazy\" decoding=\"async\" width=\"400\" height=\"100\" src=\"https:\/\/themes.tamnguyen.vn\/thietkeweb\/wp-content\/uploads\/2019\/12\/optimize-press-logo.png\" class=\"attachment-original size-original\" alt=\"\" srcset=\"https:\/\/themes.tamnguyen.vn\/thietkeweb\/wp-content\/uploads\/2019\/12\/optimize-press-logo.png 400w, https:\/\/themes.tamnguyen.vn\/thietkeweb\/wp-content\/uploads\/2019\/12\/optimize-press-logo-300x75.png 300w\" sizes=\"auto, (max-width: 400px) 100vw, 400px\" \/>\t\t\t\t\t\t\n\t\t\t\t\t<\/div>\n\t\t\t\t\t\t\t\t\n<style>\n#image_47732507 {\n  width: 100%;\n}\n<\/style>\n\t<\/div>\n\t\n\t\t<\/div>\n\t\t\t\t\t<\/div>\n\n\t\n\n\t<div id=\"col-616261298\" class=\"col medium-2 small-12 large-2\"  >\n\t\t\t\t<div class=\"col-inner\" style=\"background-color:rgb(255, 255, 255);\" >\n\t\t\t\n\t\t\t\n\t<div class=\"img has-hover x md-x lg-x y md-y lg-y\" id=\"image_947760857\">\n\t\t\t\t\t\t\t\t<div class=\"img-inner dark\" >\n\t\t\t<img loading=\"lazy\" decoding=\"async\" width=\"400\" height=\"100\" src=\"https:\/\/themes.tamnguyen.vn\/thietkeweb\/wp-content\/uploads\/2019\/12\/wprocket-logo.png\" class=\"attachment-original size-original\" alt=\"\" srcset=\"https:\/\/themes.tamnguyen.vn\/thietkeweb\/wp-content\/uploads\/2019\/12\/wprocket-logo.png 400w, https:\/\/themes.tamnguyen.vn\/thietkeweb\/wp-content\/uploads\/2019\/12\/wprocket-logo-300x75.png 300w\" sizes=\"auto, (max-width: 400px) 100vw, 400px\" \/>\t\t\t\t\t\t\n\t\t\t\t\t<\/div>\n\t\t\t\t\t\t\t\t\n<style>\n#image_947760857 {\n  width: 100%;\n}\n<\/style>\n\t<\/div>\n\t\n\t\t<\/div>\n\t\t\t\t\t<\/div>\n\n\t\n\n\t<div id=\"col-665833547\" class=\"col medium-2 small-12 large-2\"  >\n\t\t\t\t<div class=\"col-inner\" style=\"background-color:rgb(255, 255, 255);\" >\n\t\t\t\n\t\t\t\n\t<div class=\"img has-hover x md-x lg-x y md-y lg-y\" id=\"image_1761759678\">\n\t\t\t\t\t\t\t\t<div class=\"img-inner dark\" >\n\t\t\t<img loading=\"lazy\" decoding=\"async\" width=\"400\" height=\"100\" src=\"https:\/\/themes.tamnguyen.vn\/thietkeweb\/wp-content\/uploads\/2019\/12\/wootheme-logo.png\" class=\"attachment-original size-original\" alt=\"\" srcset=\"https:\/\/themes.tamnguyen.vn\/thietkeweb\/wp-content\/uploads\/2019\/12\/wootheme-logo.png 400w, https:\/\/themes.tamnguyen.vn\/thietkeweb\/wp-content\/uploads\/2019\/12\/wootheme-logo-300x75.png 300w\" sizes=\"auto, (max-width: 400px) 100vw, 400px\" \/>\t\t\t\t\t\t\n\t\t\t\t\t<\/div>\n\t\t\t\t\t\t\t\t\n<style>\n#image_1761759678 {\n  width: 100%;\n}\n<\/style>\n\t<\/div>\n\t\n\t\t<\/div>\n\t\t\t\t\t<\/div>\n\n\t\n<\/div>\n\t\t<\/div>\n\n\t\t\n<style>\n#section_2000759564 {\n  padding-top: 47px;\n  padding-bottom: 47px;\n  background-color: rgb(244, 247, 252);\n}\n#section_2000759564 .ux-shape-divider--top svg {\n  height: 150px;\n  --divider-top-width: 100%;\n}\n#section_2000759564 .ux-shape-divider--bottom svg {\n  height: 150px;\n  --divider-width: 100%;\n}\n<\/style>\n\t<\/section>\n\t\n","protected":false},"excerpt":{"rendered":"","protected":false},"author":1,"featured_media":0,"parent":0,"menu_order":0,"comment_status":"closed","ping_status":"closed","template":"page-blank.php","meta":{"_acf_changed":false,"footnotes":""},"yst_prominent_words":[],"class_list":["post-31","page","type-page","status-publish","hentry"],"acf":[],"_links":{"self":[{"href":"https:\/\/themes.tamnguyen.vn\/thietkeweb\/wp-json\/wp\/v2\/pages\/31","targetHints":{"allow":["GET"]}}],"collection":[{"href":"https:\/\/themes.tamnguyen.vn\/thietkeweb\/wp-json\/wp\/v2\/pages"}],"about":[{"href":"https:\/\/themes.tamnguyen.vn\/thietkeweb\/wp-json\/wp\/v2\/types\/page"}],"author":[{"embeddable":true,"href":"https:\/\/themes.tamnguyen.vn\/thietkeweb\/wp-json\/wp\/v2\/users\/1"}],"replies":[{"embeddable":true,"href":"https:\/\/themes.tamnguyen.vn\/thietkeweb\/wp-json\/wp\/v2\/comments?post=31"}],"version-history":[{"count":16,"href":"https:\/\/themes.tamnguyen.vn\/thietkeweb\/wp-json\/wp\/v2\/pages\/31\/revisions"}],"predecessor-version":[{"id":2205,"href":"https:\/\/themes.tamnguyen.vn\/thietkeweb\/wp-json\/wp\/v2\/pages\/31\/revisions\/2205"}],"wp:attachment":[{"href":"https:\/\/themes.tamnguyen.vn\/thietkeweb\/wp-json\/wp\/v2\/media?parent=31"}],"wp:term":[{"taxonomy":"yst_prominent_words","embeddable":true,"href":"https:\/\/themes.tamnguyen.vn\/thietkeweb\/wp-json\/wp\/v2\/yst_prominent_words?post=31"}],"curies":[{"name":"wp","href":"https:\/\/api.w.org\/{rel}","templated":true}]}}